{"id":98003,"date":"2026-05-05T10:07:05","date_gmt":"2026-05-05T09:07:05","guid":{"rendered":"https:\/\/pitoeuf.ch\/?post_type=product&#038;p=98003"},"modified":"2026-05-08T13:07:10","modified_gmt":"2026-05-08T12:07:10","slug":"filets-de-perche-en-pate-a-frire-budget-2","status":"publish","type":"product","link":"https:\/\/pitoeuf.ch\/de\/produkt\/filets-de-perche-en-pate-a-frire-budget-2\/","title":{"rendered":"Egli-Knusperli im Bierteig &#8222;BUDGET&#8220; 20-40g"},"content":{"rendered":"<p>Filets de perche 60 %, Farine de bl\u00e9, Amidon de ma\u00efs, Farine de ma\u00efs, Sel, Dextrine, Maltodextrine, Epices, Condiment, Poudre de jaune d&#8217;oeuf, Diphosphate (E450), Bicarbonate de sodium, Poudre \u00e0 lever(E500), Gomme de Guar(E412)<\/p>\n","protected":false},"excerpt":{"rendered":"<p>Filets de perche 60 %, Farine de bl\u00e9, Amidon de ma\u00efs, Farine de ma\u00efs, Sel, Dextrine, Maltodextrine, Epices, Condiment, Poudre de jaune d&#8217;oeuf, Diphosphate (E450), Bicarbonate de sodium, Poudre \u00e0 lever(E500), Gomme de Guar(E412)<\/p>\n","protected":false},"featured_media":97511,"template":"","meta":[],"product_brand":[],"product_cat":[9127],"product_tag":[389],"class_list":{"0":"post-98003","1":"product","2":"type-product","3":"status-publish","4":"has-post-thumbnail","6":"product_cat-fisch_fisch_convenience","7":"product_tag-neuheiten-de","8":"pa_conditionnement-tiefgekuhlt","10":"first","11":"outofstock","12":"shipping-taxable","13":"purchasable","14":"product-type-pitoeuf","15":"add-to-wishlist-before_image"},"_links":{"self":[{"href":"https:\/\/pitoeuf.ch\/de\/wp-json\/wp\/v2\/product\/98003","targetHints":{"allow":["GET"]}}],"collection":[{"href":"https:\/\/pitoeuf.ch\/de\/wp-json\/wp\/v2\/product"}],"about":[{"href":"https:\/\/pitoeuf.ch\/de\/wp-json\/wp\/v2\/types\/product"}],"wp:featuredmedia":[{"embeddable":true,"href":"https:\/\/pitoeuf.ch\/de\/wp-json\/wp\/v2\/media\/97511"}],"wp:attachment":[{"href":"https:\/\/pitoeuf.ch\/de\/wp-json\/wp\/v2\/media?parent=98003"}],"wp:term":[{"taxonomy":"product_brand","embeddable":true,"href":"https:\/\/pitoeuf.ch\/de\/wp-json\/wp\/v2\/product_brand?post=98003"},{"taxonomy":"product_cat","embeddable":true,"href":"https:\/\/pitoeuf.ch\/de\/wp-json\/wp\/v2\/product_cat?post=98003"},{"taxonomy":"product_tag","embeddable":true,"href":"https:\/\/pitoeuf.ch\/de\/wp-json\/wp\/v2\/product_tag?post=98003"}],"curies":[{"name":"wp","href":"https:\/\/api.w.org\/{rel}","templated":true}]}}