{"id":93071,"date":"2026-02-09T16:07:05","date_gmt":"2026-02-09T15:07:05","guid":{"rendered":"https:\/\/pitoeuf.ch\/?post_type=product&#038;p=93071"},"modified":"2026-02-12T18:07:04","modified_gmt":"2026-02-12T17:07:04","slug":"baton-de-mangue-naturel-et-chocolat-2","status":"publish","type":"product","link":"https:\/\/pitoeuf.ch\/de\/produkt\/baton-de-mangue-naturel-et-chocolat-2\/","title":{"rendered":"B\u00e2ton de Mangue naturel et chocolat Noir"},"content":{"rendered":"<p>un vrai filet de mangue m\u00fbre \u00e0 souhait enrob\u00e9 de chocolat<\/p>\n","protected":false},"excerpt":{"rendered":"<p>un vrai filet de mangue m\u00fbre \u00e0 souhait enrob\u00e9 de chocolat<\/p>\n","protected":false},"featured_media":93267,"template":"","meta":[],"product_brand":[],"product_cat":[9007],"product_tag":[],"class_list":{"0":"post-93071","1":"product","2":"type-product","3":"status-publish","4":"has-post-thumbnail","6":"product_cat-eis_eis-am-stiel","7":"pa_conditionnement-tiefgekuhlt","9":"first","10":"outofstock","11":"shipping-taxable","12":"purchasable","13":"product-type-pitoeuf","14":"add-to-wishlist-before_image"},"_links":{"self":[{"href":"https:\/\/pitoeuf.ch\/de\/wp-json\/wp\/v2\/product\/93071","targetHints":{"allow":["GET"]}}],"collection":[{"href":"https:\/\/pitoeuf.ch\/de\/wp-json\/wp\/v2\/product"}],"about":[{"href":"https:\/\/pitoeuf.ch\/de\/wp-json\/wp\/v2\/types\/product"}],"wp:featuredmedia":[{"embeddable":true,"href":"https:\/\/pitoeuf.ch\/de\/wp-json\/wp\/v2\/media\/93267"}],"wp:attachment":[{"href":"https:\/\/pitoeuf.ch\/de\/wp-json\/wp\/v2\/media?parent=93071"}],"wp:term":[{"taxonomy":"product_brand","embeddable":true,"href":"https:\/\/pitoeuf.ch\/de\/wp-json\/wp\/v2\/product_brand?post=93071"},{"taxonomy":"product_cat","embeddable":true,"href":"https:\/\/pitoeuf.ch\/de\/wp-json\/wp\/v2\/product_cat?post=93071"},{"taxonomy":"product_tag","embeddable":true,"href":"https:\/\/pitoeuf.ch\/de\/wp-json\/wp\/v2\/product_tag?post=93071"}],"curies":[{"name":"wp","href":"https:\/\/api.w.org\/{rel}","templated":true}]}}