{"id":89200,"date":"2025-12-05T09:07:05","date_gmt":"2025-12-05T08:07:05","guid":{"rendered":"https:\/\/pitoeuf.ch\/?post_type=product&#038;p=89200"},"modified":"2026-05-17T05:10:31","modified_gmt":"2026-05-17T04:10:31","slug":"rosti-halbmondvorfrittiert","status":"publish","type":"product","link":"https:\/\/pitoeuf.ch\/de\/produkt\/rosti-halbmondvorfrittiert\/","title":{"rendered":"R\u00f6sti &#8222;Halbmond&#8220;vorfrittiert"},"content":{"rendered":"<p>Kartoffeln, Sonnenblumen\u00f6l, Milch, Gew\u00fcrze<\/p>\n","protected":false},"excerpt":{"rendered":"<p>Kartoffeln, Sonnenblumen\u00f6l, Milch, Gew\u00fcrze<\/p>\n","protected":false},"featured_media":90404,"template":"","meta":[],"product_brand":[],"product_cat":[9179],"product_tag":[386,389,385],"class_list":{"0":"post-89200","1":"product","2":"type-product","3":"status-publish","4":"has-post-thumbnail","6":"product_cat-kartoffeln_rosti","7":"product_tag-aktionen-de","8":"product_tag-neuheiten-de","9":"product_tag-suisse-de","10":"pa_conditionnement-tiefgekuhlt","12":"first","13":"outofstock","14":"sale","15":"shipping-taxable","16":"purchasable","17":"product-type-pitoeuf","18":"add-to-wishlist-before_image"},"_links":{"self":[{"href":"https:\/\/pitoeuf.ch\/de\/wp-json\/wp\/v2\/product\/89200","targetHints":{"allow":["GET"]}}],"collection":[{"href":"https:\/\/pitoeuf.ch\/de\/wp-json\/wp\/v2\/product"}],"about":[{"href":"https:\/\/pitoeuf.ch\/de\/wp-json\/wp\/v2\/types\/product"}],"wp:featuredmedia":[{"embeddable":true,"href":"https:\/\/pitoeuf.ch\/de\/wp-json\/wp\/v2\/media\/90404"}],"wp:attachment":[{"href":"https:\/\/pitoeuf.ch\/de\/wp-json\/wp\/v2\/media?parent=89200"}],"wp:term":[{"taxonomy":"product_brand","embeddable":true,"href":"https:\/\/pitoeuf.ch\/de\/wp-json\/wp\/v2\/product_brand?post=89200"},{"taxonomy":"product_cat","embeddable":true,"href":"https:\/\/pitoeuf.ch\/de\/wp-json\/wp\/v2\/product_cat?post=89200"},{"taxonomy":"product_tag","embeddable":true,"href":"https:\/\/pitoeuf.ch\/de\/wp-json\/wp\/v2\/product_tag?post=89200"}],"curies":[{"name":"wp","href":"https:\/\/api.w.org\/{rel}","templated":true}]}}