{"id":72902,"date":"2024-12-18T11:07:05","date_gmt":"2024-12-18T10:07:05","guid":{"rendered":"https:\/\/pitoeuf.ch\/?post_type=product&#038;p=72902"},"modified":"2026-04-06T07:07:23","modified_gmt":"2026-04-06T06:07:23","slug":"kern-sammet-kuchenteig-rolle-40-x-58-cm","status":"publish","type":"product","link":"https:\/\/pitoeuf.ch\/de\/produkt\/kern-sammet-kuchenteig-rolle-40-x-58-cm\/","title":{"rendered":"Kern &amp;Sammet Kuchenteig-Rolle 40 x 58 cm"},"content":{"rendered":"<p>Wei\u00dfes Weizenspeisemehl, Wasser, pflanzliche Margarine [pflanzliche \u00d6le (Raps, Raps geh\u00e4rtet), Kokosnuss, Wasser, Emulgator (E471), S\u00e4uerungsmittel (Milchs\u00e4ure), Aroma], Weizenspeisest\u00e4rke, jodiertes Kochsalz.Kann Spuren von MILCH, EIER&#8230; enthalten.<\/p>\n","protected":false},"excerpt":{"rendered":"<p>Wei\u00dfes Weizenspeisemehl, Wasser, pflanzliche Margarine [pflanzliche \u00d6le (Raps, Raps geh\u00e4rtet), Kokosnuss, Wasser, Emulgator (E471), S\u00e4uerungsmittel (Milchs\u00e4ure), Aroma], Weizenspeisest\u00e4rke, jodiertes Kochsalz.Kann Spuren von MILCH, EIER&#8230; enthalten.<\/p>\n","protected":false},"featured_media":74487,"template":"","meta":[],"product_brand":[],"product_cat":[9071],"product_tag":[389,385],"class_list":{"0":"post-72902","1":"product","2":"type-product","3":"status-publish","4":"has-post-thumbnail","6":"product_cat-backwaren_ausgerollter-teig","7":"product_tag-neuheiten-de","8":"product_tag-suisse-de","9":"pa_conditionnement-tiefgekuhlt","11":"first","12":"outofstock","13":"shipping-taxable","14":"purchasable","15":"product-type-pitoeuf","16":"add-to-wishlist-before_image"},"_links":{"self":[{"href":"https:\/\/pitoeuf.ch\/de\/wp-json\/wp\/v2\/product\/72902","targetHints":{"allow":["GET"]}}],"collection":[{"href":"https:\/\/pitoeuf.ch\/de\/wp-json\/wp\/v2\/product"}],"about":[{"href":"https:\/\/pitoeuf.ch\/de\/wp-json\/wp\/v2\/types\/product"}],"wp:featuredmedia":[{"embeddable":true,"href":"https:\/\/pitoeuf.ch\/de\/wp-json\/wp\/v2\/media\/74487"}],"wp:attachment":[{"href":"https:\/\/pitoeuf.ch\/de\/wp-json\/wp\/v2\/media?parent=72902"}],"wp:term":[{"taxonomy":"product_brand","embeddable":true,"href":"https:\/\/pitoeuf.ch\/de\/wp-json\/wp\/v2\/product_brand?post=72902"},{"taxonomy":"product_cat","embeddable":true,"href":"https:\/\/pitoeuf.ch\/de\/wp-json\/wp\/v2\/product_cat?post=72902"},{"taxonomy":"product_tag","embeddable":true,"href":"https:\/\/pitoeuf.ch\/de\/wp-json\/wp\/v2\/product_tag?post=72902"}],"curies":[{"name":"wp","href":"https:\/\/api.w.org\/{rel}","templated":true}]}}