{"id":72290,"date":"2024-12-06T14:34:46","date_gmt":"2024-12-06T13:34:46","guid":{"rendered":"https:\/\/pitoeuf.ch\/?post_type=product&#038;p=72290"},"modified":"2026-04-30T10:07:31","modified_gmt":"2026-04-30T09:07:31","slug":"panella-pizza-legumes-mediterraneen-precuite-2","status":"publish","type":"product","link":"https:\/\/pitoeuf.ch\/de\/produkt\/panella-pizza-legumes-mediterraneen-precuite-2\/","title":{"rendered":"Panella Pizza Mediterranes Gem\u00fcse, vorgebacken"},"content":{"rendered":"<p>Gem\u00fcse (Aubergine, Zucchini, Paprika) gegrillt 17 %, Tomatenso\u00dfe 17 %, Mozzarella 15 %, Salami 6 %, Gew\u00fcrze (Oregano, Thymian, Basilikum, Majoran, Bohnenkraut)<\/p>\n","protected":false},"excerpt":{"rendered":"<p>Gem\u00fcse (Aubergine, Zucchini, Paprika) gegrillt 17 %, Tomatenso\u00dfe 17 %, Mozzarella 15 %, Salami 6 %, Gew\u00fcrze (Oregano, Thymian, Basilikum, Majoran, Bohnenkraut)<\/p>\n","protected":false},"featured_media":72418,"template":"","meta":[],"product_brand":[],"product_cat":[9133],"product_tag":[389,385],"class_list":{"0":"post-72290","1":"product","2":"type-product","3":"status-publish","4":"has-post-thumbnail","6":"product_cat-snacks-und-aperitif_snacks","7":"product_tag-neuheiten-de","8":"product_tag-suisse-de","9":"pa_conditionnement-tiefgekuhlt","11":"first","12":"outofstock","13":"shipping-taxable","14":"purchasable","15":"product-type-pitoeuf","16":"add-to-wishlist-before_image"},"_links":{"self":[{"href":"https:\/\/pitoeuf.ch\/de\/wp-json\/wp\/v2\/product\/72290","targetHints":{"allow":["GET"]}}],"collection":[{"href":"https:\/\/pitoeuf.ch\/de\/wp-json\/wp\/v2\/product"}],"about":[{"href":"https:\/\/pitoeuf.ch\/de\/wp-json\/wp\/v2\/types\/product"}],"wp:featuredmedia":[{"embeddable":true,"href":"https:\/\/pitoeuf.ch\/de\/wp-json\/wp\/v2\/media\/72418"}],"wp:attachment":[{"href":"https:\/\/pitoeuf.ch\/de\/wp-json\/wp\/v2\/media?parent=72290"}],"wp:term":[{"taxonomy":"product_brand","embeddable":true,"href":"https:\/\/pitoeuf.ch\/de\/wp-json\/wp\/v2\/product_brand?post=72290"},{"taxonomy":"product_cat","embeddable":true,"href":"https:\/\/pitoeuf.ch\/de\/wp-json\/wp\/v2\/product_cat?post=72290"},{"taxonomy":"product_tag","embeddable":true,"href":"https:\/\/pitoeuf.ch\/de\/wp-json\/wp\/v2\/product_tag?post=72290"}],"curies":[{"name":"wp","href":"https:\/\/api.w.org\/{rel}","templated":true}]}}