{"id":71838,"date":"2024-11-28T18:07:04","date_gmt":"2024-11-28T17:07:04","guid":{"rendered":"https:\/\/pitoeuf.ch\/?post_type=product&#038;p=71838"},"modified":"2026-03-26T09:07:20","modified_gmt":"2026-03-26T08:07:20","slug":"11er-pommes-duchesse-2","status":"publish","type":"product","link":"https:\/\/pitoeuf.ch\/de\/produkt\/11er-pommes-duchesse-2\/","title":{"rendered":"11er Pommes Duchesse"},"content":{"rendered":"<p>Kartoffel 82%, Sonnenblumen\u00f6l, W\u00fcrzmittel (Kartoffeln, Kartoffelst\u00e4rke, Dextrose, Vollmilchpulver, Gew\u00fcrze, Sonnenblumen\u00f6l), Salz, Kartoffelst\u00e4rke<\/p>\n","protected":false},"excerpt":{"rendered":"<p>Kartoffel 82%, Sonnenblumen\u00f6l, W\u00fcrzmittel (Kartoffeln, Kartoffelst\u00e4rke, Dextrose, Vollmilchpulver, Gew\u00fcrze, Sonnenblumen\u00f6l), Salz, Kartoffelst\u00e4rke<\/p>\n","protected":false},"featured_media":72398,"template":"","meta":[],"product_brand":[],"product_cat":[9025],"product_tag":[389],"class_list":{"0":"post-71838","1":"product","2":"type-product","3":"status-publish","4":"has-post-thumbnail","6":"product_cat-kartoffeln_kartoffel-spezialitaten","7":"product_tag-neuheiten-de","8":"pa_conditionnement-tiefgekuhlt","10":"first","11":"outofstock","12":"shipping-taxable","13":"purchasable","14":"product-type-pitoeuf","15":"add-to-wishlist-before_image"},"_links":{"self":[{"href":"https:\/\/pitoeuf.ch\/de\/wp-json\/wp\/v2\/product\/71838","targetHints":{"allow":["GET"]}}],"collection":[{"href":"https:\/\/pitoeuf.ch\/de\/wp-json\/wp\/v2\/product"}],"about":[{"href":"https:\/\/pitoeuf.ch\/de\/wp-json\/wp\/v2\/types\/product"}],"wp:featuredmedia":[{"embeddable":true,"href":"https:\/\/pitoeuf.ch\/de\/wp-json\/wp\/v2\/media\/72398"}],"wp:attachment":[{"href":"https:\/\/pitoeuf.ch\/de\/wp-json\/wp\/v2\/media?parent=71838"}],"wp:term":[{"taxonomy":"product_brand","embeddable":true,"href":"https:\/\/pitoeuf.ch\/de\/wp-json\/wp\/v2\/product_brand?post=71838"},{"taxonomy":"product_cat","embeddable":true,"href":"https:\/\/pitoeuf.ch\/de\/wp-json\/wp\/v2\/product_cat?post=71838"},{"taxonomy":"product_tag","embeddable":true,"href":"https:\/\/pitoeuf.ch\/de\/wp-json\/wp\/v2\/product_tag?post=71838"}],"curies":[{"name":"wp","href":"https:\/\/api.w.org\/{rel}","templated":true}]}}