{"id":71836,"date":"2024-11-28T18:07:03","date_gmt":"2024-11-28T17:07:04","guid":{"rendered":"https:\/\/pitoeuf.ch\/?post_type=product&#038;p=71836"},"modified":"2026-03-26T09:07:19","modified_gmt":"2026-03-26T08:07:19","slug":"11er-zapfen-kroketten","status":"publish","type":"product","link":"https:\/\/pitoeuf.ch\/de\/produkt\/11er-zapfen-kroketten\/","title":{"rendered":"11er Zapfen-Kroketten"},"content":{"rendered":"<p>Kartoffel 88%, Sonnenblumen\u00f6l 7%, Kartoffelst\u00e4rke, Salz, Dextrose, Gew\u00fcrze, Vollmilchpulver<\/p>\n","protected":false},"excerpt":{"rendered":"<p>Kartoffel 88%, Sonnenblumen\u00f6l 7%, Kartoffelst\u00e4rke, Salz, Dextrose, Gew\u00fcrze, Vollmilchpulver<\/p>\n","protected":false},"featured_media":72396,"template":"","meta":[],"product_brand":[],"product_cat":[9025],"product_tag":[389],"class_list":{"0":"post-71836","1":"product","2":"type-product","3":"status-publish","4":"has-post-thumbnail","6":"product_cat-kartoffeln_kartoffel-spezialitaten","7":"product_tag-neuheiten-de","8":"pa_conditionnement-tiefgekuhlt","10":"first","11":"outofstock","12":"shipping-taxable","13":"purchasable","14":"product-type-pitoeuf","15":"add-to-wishlist-before_image"},"_links":{"self":[{"href":"https:\/\/pitoeuf.ch\/de\/wp-json\/wp\/v2\/product\/71836","targetHints":{"allow":["GET"]}}],"collection":[{"href":"https:\/\/pitoeuf.ch\/de\/wp-json\/wp\/v2\/product"}],"about":[{"href":"https:\/\/pitoeuf.ch\/de\/wp-json\/wp\/v2\/types\/product"}],"wp:featuredmedia":[{"embeddable":true,"href":"https:\/\/pitoeuf.ch\/de\/wp-json\/wp\/v2\/media\/72396"}],"wp:attachment":[{"href":"https:\/\/pitoeuf.ch\/de\/wp-json\/wp\/v2\/media?parent=71836"}],"wp:term":[{"taxonomy":"product_brand","embeddable":true,"href":"https:\/\/pitoeuf.ch\/de\/wp-json\/wp\/v2\/product_brand?post=71836"},{"taxonomy":"product_cat","embeddable":true,"href":"https:\/\/pitoeuf.ch\/de\/wp-json\/wp\/v2\/product_cat?post=71836"},{"taxonomy":"product_tag","embeddable":true,"href":"https:\/\/pitoeuf.ch\/de\/wp-json\/wp\/v2\/product_tag?post=71836"}],"curies":[{"name":"wp","href":"https:\/\/api.w.org\/{rel}","templated":true}]}}