{"id":69621,"date":"2024-10-08T00:07:32","date_gmt":"2024-10-07T23:07:32","guid":{"rendered":"https:\/\/pitoeuf.ch\/?post_type=product&#038;p=69621"},"modified":"2025-12-16T09:07:14","modified_gmt":"2025-12-16T08:07:14","slug":"hilcona-vegetable-balls-2","status":"publish","type":"product","link":"https:\/\/pitoeuf.ch\/de\/produkt\/hilcona-vegetable-balls-2\/","title":{"rendered":"Hilcona Vegetable  Balls"},"content":{"rendered":"<p>Gem\u00fcseb\u00e4llchen Vegi, Mit Soja Proteinen und Gem\u00fcsest\u00fccke. Fritiert und gefroren. Separat gefroren. Ideal f\u00fcr Bowls, Sacks, Hauptmalzeit oder zum kalt essen.<\/p>\n","protected":false},"excerpt":{"rendered":"<p>Gem\u00fcseb\u00e4llchen Vegi, Mit Soja Proteinen und Gem\u00fcsest\u00fccke. Fritiert und gefroren. Separat gefroren. Ideal f\u00fcr Bowls, Sacks, Hauptmalzeit oder zum kalt essen.<\/p>\n","protected":false},"featured_media":74346,"template":"","meta":[],"product_brand":[],"product_cat":[9003],"product_tag":[],"class_list":{"0":"post-69621","1":"product","2":"type-product","3":"status-publish","4":"has-post-thumbnail","6":"product_cat-teigwaren-und-pfannengerichte_vegetarisches","7":"pa_conditionnement-tiefgekuhlt","9":"first","10":"outofstock","11":"shipping-taxable","12":"purchasable","13":"product-type-pitoeuf","14":"add-to-wishlist-before_image"},"_links":{"self":[{"href":"https:\/\/pitoeuf.ch\/de\/wp-json\/wp\/v2\/product\/69621","targetHints":{"allow":["GET"]}}],"collection":[{"href":"https:\/\/pitoeuf.ch\/de\/wp-json\/wp\/v2\/product"}],"about":[{"href":"https:\/\/pitoeuf.ch\/de\/wp-json\/wp\/v2\/types\/product"}],"wp:featuredmedia":[{"embeddable":true,"href":"https:\/\/pitoeuf.ch\/de\/wp-json\/wp\/v2\/media\/74346"}],"wp:attachment":[{"href":"https:\/\/pitoeuf.ch\/de\/wp-json\/wp\/v2\/media?parent=69621"}],"wp:term":[{"taxonomy":"product_brand","embeddable":true,"href":"https:\/\/pitoeuf.ch\/de\/wp-json\/wp\/v2\/product_brand?post=69621"},{"taxonomy":"product_cat","embeddable":true,"href":"https:\/\/pitoeuf.ch\/de\/wp-json\/wp\/v2\/product_cat?post=69621"},{"taxonomy":"product_tag","embeddable":true,"href":"https:\/\/pitoeuf.ch\/de\/wp-json\/wp\/v2\/product_tag?post=69621"}],"curies":[{"name":"wp","href":"https:\/\/api.w.org\/{rel}","templated":true}]}}