{"id":68611,"date":"2024-10-07T14:07:22","date_gmt":"2024-10-07T13:07:23","guid":{"rendered":"https:\/\/pitoeuf.ch\/?post_type=product&#038;p=68611"},"modified":"2025-11-01T17:08:14","modified_gmt":"2025-11-01T16:08:14","slug":"pate-en-croute-apericroq-haselnuss","status":"publish","type":"product","link":"https:\/\/pitoeuf.ch\/de\/produkt\/pate-en-croute-apericroq-haselnuss\/","title":{"rendered":"P\u00e2t\u00e9 en cro\u00fbte ap\u00e9ricroq Haselnuss"},"content":{"rendered":"","protected":false},"excerpt":{"rendered":"","protected":false},"featured_media":85213,"template":"","meta":[],"product_brand":[],"product_cat":[9291],"product_tag":[],"class_list":{"0":"post-68611","1":"product","2":"type-product","3":"status-publish","4":"has-post-thumbnail","6":"product_cat-fleisch_aufschnitt_pasteten","7":"pa_conditionnement-tiefgekuhlt","9":"first","10":"outofstock","11":"shipping-taxable","12":"purchasable","13":"product-type-pitoeuf","14":"add-to-wishlist-before_image"},"_links":{"self":[{"href":"https:\/\/pitoeuf.ch\/de\/wp-json\/wp\/v2\/product\/68611","targetHints":{"allow":["GET"]}}],"collection":[{"href":"https:\/\/pitoeuf.ch\/de\/wp-json\/wp\/v2\/product"}],"about":[{"href":"https:\/\/pitoeuf.ch\/de\/wp-json\/wp\/v2\/types\/product"}],"wp:featuredmedia":[{"embeddable":true,"href":"https:\/\/pitoeuf.ch\/de\/wp-json\/wp\/v2\/media\/85213"}],"wp:attachment":[{"href":"https:\/\/pitoeuf.ch\/de\/wp-json\/wp\/v2\/media?parent=68611"}],"wp:term":[{"taxonomy":"product_brand","embeddable":true,"href":"https:\/\/pitoeuf.ch\/de\/wp-json\/wp\/v2\/product_brand?post=68611"},{"taxonomy":"product_cat","embeddable":true,"href":"https:\/\/pitoeuf.ch\/de\/wp-json\/wp\/v2\/product_cat?post=68611"},{"taxonomy":"product_tag","embeddable":true,"href":"https:\/\/pitoeuf.ch\/de\/wp-json\/wp\/v2\/product_tag?post=68611"}],"curies":[{"name":"wp","href":"https:\/\/api.w.org\/{rel}","templated":true}]}}