{"id":61239,"date":"2024-04-29T15:07:06","date_gmt":"2024-04-29T14:07:07","guid":{"rendered":"https:\/\/pitoeuf.ch\/?post_type=product&#038;p=61239"},"modified":"2026-04-03T07:07:11","modified_gmt":"2026-04-03T06:07:11","slug":"hausgemachtes-eis-orangenbluten-pistazienstucke-25-l","status":"publish","type":"product","link":"https:\/\/pitoeuf.ch\/de\/produkt\/hausgemachtes-eis-orangenbluten-pistazienstucke-25-l\/","title":{"rendered":"Hausgemachtes Eis Orangenbl\u00fcten-Pistazienst\u00fccke 2,5 l"},"content":{"rendered":"<p>Entdecken Sie die Zitrusnoten unseres Bio-Orangenbl\u00fctenduftes, verfeinert mit knackigen Pistazienst\u00fccken<\/p>\n","protected":false},"excerpt":{"rendered":"<p>Entdecken Sie die Zitrusnoten unseres Bio-Orangenbl\u00fctenduftes, verfeinert mit knackigen Pistazienst\u00fccken<\/p>\n","protected":false},"featured_media":93333,"template":"","meta":[],"product_brand":[],"product_cat":[9115],"product_tag":[389],"class_list":{"0":"post-61239","1":"product","2":"type-product","3":"status-publish","4":"has-post-thumbnail","6":"product_cat-eis_eis","7":"product_tag-neuheiten-de","8":"pa_conditionnement-tiefgekuhlt","10":"first","11":"outofstock","12":"shipping-taxable","13":"purchasable","14":"product-type-pitoeuf","15":"add-to-wishlist-before_image"},"_links":{"self":[{"href":"https:\/\/pitoeuf.ch\/de\/wp-json\/wp\/v2\/product\/61239","targetHints":{"allow":["GET"]}}],"collection":[{"href":"https:\/\/pitoeuf.ch\/de\/wp-json\/wp\/v2\/product"}],"about":[{"href":"https:\/\/pitoeuf.ch\/de\/wp-json\/wp\/v2\/types\/product"}],"wp:featuredmedia":[{"embeddable":true,"href":"https:\/\/pitoeuf.ch\/de\/wp-json\/wp\/v2\/media\/93333"}],"wp:attachment":[{"href":"https:\/\/pitoeuf.ch\/de\/wp-json\/wp\/v2\/media?parent=61239"}],"wp:term":[{"taxonomy":"product_brand","embeddable":true,"href":"https:\/\/pitoeuf.ch\/de\/wp-json\/wp\/v2\/product_brand?post=61239"},{"taxonomy":"product_cat","embeddable":true,"href":"https:\/\/pitoeuf.ch\/de\/wp-json\/wp\/v2\/product_cat?post=61239"},{"taxonomy":"product_tag","embeddable":true,"href":"https:\/\/pitoeuf.ch\/de\/wp-json\/wp\/v2\/product_tag?post=61239"}],"curies":[{"name":"wp","href":"https:\/\/api.w.org\/{rel}","templated":true}]}}