{"id":60707,"date":"2024-04-11T16:07:04","date_gmt":"2024-04-11T15:07:05","guid":{"rendered":"https:\/\/pitoeuf.ch\/?post_type=product&#038;p=60707"},"modified":"2026-04-12T05:10:30","modified_gmt":"2026-04-12T04:10:30","slug":"emince-de-poulet-cuit-roti-europe-2","status":"publish","type":"product","link":"https:\/\/pitoeuf.ch\/de\/produkt\/emince-de-poulet-cuit-roti-europe-2\/","title":{"rendered":"\u00c9minc\u00e9 de poulet cuit r\u00f4ti Europe"},"content":{"rendered":"<p>Id\u00e9al pour sandwichs, salades, plats<\/p>\n","protected":false},"excerpt":{"rendered":"<p>Id\u00e9al pour sandwichs, salades, plats<\/p>\n","protected":false},"featured_media":62241,"template":"","meta":[],"product_brand":[],"product_cat":[9057],"product_tag":[],"class_list":{"0":"post-60707","1":"product","2":"type-product","3":"status-publish","4":"has-post-thumbnail","6":"product_cat-geflugel_huhn_verarbeitete-produkte","7":"pa_conditionnement-tiefgekuhlt","9":"first","10":"outofstock","11":"shipping-taxable","12":"purchasable","13":"product-type-pitoeuf","14":"add-to-wishlist-before_image"},"_links":{"self":[{"href":"https:\/\/pitoeuf.ch\/de\/wp-json\/wp\/v2\/product\/60707","targetHints":{"allow":["GET"]}}],"collection":[{"href":"https:\/\/pitoeuf.ch\/de\/wp-json\/wp\/v2\/product"}],"about":[{"href":"https:\/\/pitoeuf.ch\/de\/wp-json\/wp\/v2\/types\/product"}],"wp:featuredmedia":[{"embeddable":true,"href":"https:\/\/pitoeuf.ch\/de\/wp-json\/wp\/v2\/media\/62241"}],"wp:attachment":[{"href":"https:\/\/pitoeuf.ch\/de\/wp-json\/wp\/v2\/media?parent=60707"}],"wp:term":[{"taxonomy":"product_brand","embeddable":true,"href":"https:\/\/pitoeuf.ch\/de\/wp-json\/wp\/v2\/product_brand?post=60707"},{"taxonomy":"product_cat","embeddable":true,"href":"https:\/\/pitoeuf.ch\/de\/wp-json\/wp\/v2\/product_cat?post=60707"},{"taxonomy":"product_tag","embeddable":true,"href":"https:\/\/pitoeuf.ch\/de\/wp-json\/wp\/v2\/product_tag?post=60707"}],"curies":[{"name":"wp","href":"https:\/\/api.w.org\/{rel}","templated":true}]}}