{"id":48533,"date":"2023-09-22T17:07:34","date_gmt":"2023-09-22T16:07:34","guid":{"rendered":"https:\/\/pitoeuf.ch\/?post_type=product&#038;p=48533"},"modified":"2025-12-16T08:07:15","modified_gmt":"2025-12-16T07:07:15","slug":"sauce-fur-steak-tartare-fleisch","status":"publish","type":"product","link":"https:\/\/pitoeuf.ch\/de\/produkt\/sauce-fur-steak-tartare-fleisch\/","title":{"rendered":"Sauce f\u00fcr Steak Tartare (Fleisch)"},"content":{"rendered":"<p>Sonnenblumen\u00f6l, Eier, Zwiebeln, Cornichon, Kapern, Ketchup, Cognac, Salz, Petersilie, Gew\u00fcrze, Senf, Worcestershire, Weisswein, Sardellen, Tabasco.. 40 g f\u00fcr 100 g Fleisch<\/p>\n","protected":false},"excerpt":{"rendered":"<p>Sonnenblumen\u00f6l, Eier, Zwiebeln, Cornichon, Kapern, Ketchup, Cognac, Salz, Petersilie, Gew\u00fcrze, Senf, Worcestershire, Weisswein, Sardellen, Tabasco.. 40 g f\u00fcr 100 g Fleisch<\/p>\n","protected":false},"featured_media":49269,"template":"","meta":[],"product_brand":[],"product_cat":[9119],"product_tag":[385],"class_list":{"0":"post-48533","1":"product","2":"type-product","3":"status-publish","4":"has-post-thumbnail","6":"product_cat-saucen_krauterbutter-und-tartarsauce","7":"product_tag-suisse-de","8":"pa_conditionnement-tiefgekuhlt","10":"first","11":"outofstock","12":"shipping-taxable","13":"purchasable","14":"product-type-pitoeuf","15":"add-to-wishlist-before_image"},"_links":{"self":[{"href":"https:\/\/pitoeuf.ch\/de\/wp-json\/wp\/v2\/product\/48533","targetHints":{"allow":["GET"]}}],"collection":[{"href":"https:\/\/pitoeuf.ch\/de\/wp-json\/wp\/v2\/product"}],"about":[{"href":"https:\/\/pitoeuf.ch\/de\/wp-json\/wp\/v2\/types\/product"}],"wp:featuredmedia":[{"embeddable":true,"href":"https:\/\/pitoeuf.ch\/de\/wp-json\/wp\/v2\/media\/49269"}],"wp:attachment":[{"href":"https:\/\/pitoeuf.ch\/de\/wp-json\/wp\/v2\/media?parent=48533"}],"wp:term":[{"taxonomy":"product_brand","embeddable":true,"href":"https:\/\/pitoeuf.ch\/de\/wp-json\/wp\/v2\/product_brand?post=48533"},{"taxonomy":"product_cat","embeddable":true,"href":"https:\/\/pitoeuf.ch\/de\/wp-json\/wp\/v2\/product_cat?post=48533"},{"taxonomy":"product_tag","embeddable":true,"href":"https:\/\/pitoeuf.ch\/de\/wp-json\/wp\/v2\/product_tag?post=48533"}],"curies":[{"name":"wp","href":"https:\/\/api.w.org\/{rel}","templated":true}]}}