{"id":48505,"date":"2023-09-22T17:07:22","date_gmt":"2023-09-22T16:07:23","guid":{"rendered":"https:\/\/pitoeuf.ch\/?post_type=product&#038;p=48505"},"modified":"2026-04-30T10:07:22","modified_gmt":"2026-04-30T09:07:22","slug":"hilcona-gemusetasche-ratatouille","status":"publish","type":"product","link":"https:\/\/pitoeuf.ch\/de\/produkt\/hilcona-gemusetasche-ratatouille\/","title":{"rendered":"Hilcona Gem\u00fcsetasche Ratatouille"},"content":{"rendered":"<p>Vegetarisch<br \/>\nHandgeformte Cr\u00eapes-Teigtaschen mit einer Ratatouillef\u00fcllung aus Tomaten, Paprika, Zucchini, Auberginen, Zwiebeln und Kr\u00e4utern<\/p>\n","protected":false},"excerpt":{"rendered":"<p>Vegetarisch Handgeformte Cr\u00eapes-Teigtaschen mit einer Ratatouillef\u00fcllung aus Tomaten, Paprika, Zucchini, Auberginen, Zwiebeln und Kr\u00e4utern<\/p>\n","protected":false},"featured_media":48829,"template":"","meta":[],"product_brand":[],"product_cat":[9333],"product_tag":[385],"class_list":{"0":"post-48505","1":"product","2":"type-product","3":"status-publish","4":"has-post-thumbnail","6":"product_cat-teigwaren-und-pfannengerichte_vegetarisches_hilcona","7":"product_tag-suisse-de","8":"pa_conditionnement-tiefgekuhlt","10":"first","11":"outofstock","12":"shipping-taxable","13":"purchasable","14":"product-type-pitoeuf","15":"add-to-wishlist-before_image"},"_links":{"self":[{"href":"https:\/\/pitoeuf.ch\/de\/wp-json\/wp\/v2\/product\/48505","targetHints":{"allow":["GET"]}}],"collection":[{"href":"https:\/\/pitoeuf.ch\/de\/wp-json\/wp\/v2\/product"}],"about":[{"href":"https:\/\/pitoeuf.ch\/de\/wp-json\/wp\/v2\/types\/product"}],"wp:featuredmedia":[{"embeddable":true,"href":"https:\/\/pitoeuf.ch\/de\/wp-json\/wp\/v2\/media\/48829"}],"wp:attachment":[{"href":"https:\/\/pitoeuf.ch\/de\/wp-json\/wp\/v2\/media?parent=48505"}],"wp:term":[{"taxonomy":"product_brand","embeddable":true,"href":"https:\/\/pitoeuf.ch\/de\/wp-json\/wp\/v2\/product_brand?post=48505"},{"taxonomy":"product_cat","embeddable":true,"href":"https:\/\/pitoeuf.ch\/de\/wp-json\/wp\/v2\/product_cat?post=48505"},{"taxonomy":"product_tag","embeddable":true,"href":"https:\/\/pitoeuf.ch\/de\/wp-json\/wp\/v2\/product_tag?post=48505"}],"curies":[{"name":"wp","href":"https:\/\/api.w.org\/{rel}","templated":true}]}}