{"id":46497,"date":"2023-06-27T11:07:21","date_gmt":"2023-06-27T10:07:21","guid":{"rendered":"https:\/\/pitoeuf.ch\/?post_type=product&#038;p=46497"},"modified":"2026-03-16T10:07:22","modified_gmt":"2026-03-16T09:07:22","slug":"lard-fume-cru-delicatesse-entier-3","status":"publish","type":"product","link":"https:\/\/pitoeuf.ch\/de\/produkt\/lard-fume-cru-delicatesse-entier-3\/","title":{"rendered":"Fr\u00fchst\u00fccksspeck ger\u00e4uchert"},"content":{"rendered":"<p>ohne Schwarte<\/p>\n","protected":false},"excerpt":{"rendered":"<p>ohne Schwarte<\/p>\n","protected":false},"featured_media":46545,"template":"","meta":[],"product_brand":[],"product_cat":[9221],"product_tag":[385],"class_list":{"0":"post-46497","1":"product","2":"type-product","3":"status-publish","4":"has-post-thumbnail","6":"product_cat-fleisch_aufschnitt_gerauchtes","7":"product_tag-suisse-de","8":"pa_conditionnement-tiefgekuhlt","10":"first","11":"outofstock","12":"shipping-taxable","13":"purchasable","14":"product-type-pitoeuf","15":"add-to-wishlist-before_image"},"_links":{"self":[{"href":"https:\/\/pitoeuf.ch\/de\/wp-json\/wp\/v2\/product\/46497","targetHints":{"allow":["GET"]}}],"collection":[{"href":"https:\/\/pitoeuf.ch\/de\/wp-json\/wp\/v2\/product"}],"about":[{"href":"https:\/\/pitoeuf.ch\/de\/wp-json\/wp\/v2\/types\/product"}],"wp:featuredmedia":[{"embeddable":true,"href":"https:\/\/pitoeuf.ch\/de\/wp-json\/wp\/v2\/media\/46545"}],"wp:attachment":[{"href":"https:\/\/pitoeuf.ch\/de\/wp-json\/wp\/v2\/media?parent=46497"}],"wp:term":[{"taxonomy":"product_brand","embeddable":true,"href":"https:\/\/pitoeuf.ch\/de\/wp-json\/wp\/v2\/product_brand?post=46497"},{"taxonomy":"product_cat","embeddable":true,"href":"https:\/\/pitoeuf.ch\/de\/wp-json\/wp\/v2\/product_cat?post=46497"},{"taxonomy":"product_tag","embeddable":true,"href":"https:\/\/pitoeuf.ch\/de\/wp-json\/wp\/v2\/product_tag?post=46497"}],"curies":[{"name":"wp","href":"https:\/\/api.w.org\/{rel}","templated":true}]}}