{"id":45618,"date":"2023-03-17T16:07:18","date_gmt":"2023-03-17T15:07:19","guid":{"rendered":"https:\/\/pitoeuf.ch\/?post_type=product&#038;p=45618"},"modified":"2026-03-26T10:07:05","modified_gmt":"2026-03-26T09:07:05","slug":"truten-fleischvogel","status":"publish","type":"product","link":"https:\/\/pitoeuf.ch\/de\/produkt\/truten-fleischvogel\/","title":{"rendered":"Truten-Fleischv\u00f6gel"},"content":{"rendered":"<p>Rohprodukt, Zusammensetzung: Truthahn, Truthahnschinken, K\u00e4se, Gem\u00fcse<\/p>\n","protected":false},"excerpt":{"rendered":"<p>Rohprodukt, Zusammensetzung: Truthahn, Truthahnschinken, K\u00e4se, Gem\u00fcse<\/p>\n","protected":false},"featured_media":45852,"template":"","meta":[],"product_brand":[],"product_cat":[9143],"product_tag":[],"class_list":{"0":"post-45618","1":"product","2":"type-product","3":"status-publish","4":"has-post-thumbnail","6":"product_cat-geflugel_truten_verarbeitete-produkte","7":"pa_conditionnement-tiefgekuhlt","9":"first","10":"outofstock","11":"shipping-taxable","12":"purchasable","13":"product-type-pitoeuf","14":"add-to-wishlist-before_image"},"_links":{"self":[{"href":"https:\/\/pitoeuf.ch\/de\/wp-json\/wp\/v2\/product\/45618","targetHints":{"allow":["GET"]}}],"collection":[{"href":"https:\/\/pitoeuf.ch\/de\/wp-json\/wp\/v2\/product"}],"about":[{"href":"https:\/\/pitoeuf.ch\/de\/wp-json\/wp\/v2\/types\/product"}],"wp:featuredmedia":[{"embeddable":true,"href":"https:\/\/pitoeuf.ch\/de\/wp-json\/wp\/v2\/media\/45852"}],"wp:attachment":[{"href":"https:\/\/pitoeuf.ch\/de\/wp-json\/wp\/v2\/media?parent=45618"}],"wp:term":[{"taxonomy":"product_brand","embeddable":true,"href":"https:\/\/pitoeuf.ch\/de\/wp-json\/wp\/v2\/product_brand?post=45618"},{"taxonomy":"product_cat","embeddable":true,"href":"https:\/\/pitoeuf.ch\/de\/wp-json\/wp\/v2\/product_cat?post=45618"},{"taxonomy":"product_tag","embeddable":true,"href":"https:\/\/pitoeuf.ch\/de\/wp-json\/wp\/v2\/product_tag?post=45618"}],"curies":[{"name":"wp","href":"https:\/\/api.w.org\/{rel}","templated":true}]}}