{"id":44514,"date":"2022-12-13T18:07:19","date_gmt":"2022-12-13T17:07:19","guid":{"rendered":"https:\/\/pitoeuf.ch\/?post_type=product&#038;p=44514"},"modified":"2025-12-31T06:10:29","modified_gmt":"2025-12-31T05:10:29","slug":"delciel-limettencremedessert-tanne","status":"publish","type":"product","link":"https:\/\/pitoeuf.ch\/de\/produkt\/delciel-limettencremedessert-tanne\/","title":{"rendered":"Delciel Limettencr\u00e8medessert Tanne"},"content":{"rendered":"<p>Disponible de novembre \u00e0 d\u00e9cembre<\/p>\n","protected":false},"excerpt":{"rendered":"<p>Disponible de novembre \u00e0 d\u00e9cembre<\/p>\n","protected":false},"featured_media":44523,"template":"","meta":[],"product_brand":[],"product_cat":[9051],"product_tag":[385],"class_list":{"0":"post-44514","1":"product","2":"type-product","3":"status-publish","4":"has-post-thumbnail","6":"product_cat-desserts-de_dessert-einzelportionen","7":"product_tag-suisse-de","8":"pa_conditionnement-tiefgekuhlt","10":"first","11":"outofstock","12":"shipping-taxable","13":"purchasable","14":"product-type-pitoeuf","15":"add-to-wishlist-before_image"},"_links":{"self":[{"href":"https:\/\/pitoeuf.ch\/de\/wp-json\/wp\/v2\/product\/44514","targetHints":{"allow":["GET"]}}],"collection":[{"href":"https:\/\/pitoeuf.ch\/de\/wp-json\/wp\/v2\/product"}],"about":[{"href":"https:\/\/pitoeuf.ch\/de\/wp-json\/wp\/v2\/types\/product"}],"wp:featuredmedia":[{"embeddable":true,"href":"https:\/\/pitoeuf.ch\/de\/wp-json\/wp\/v2\/media\/44523"}],"wp:attachment":[{"href":"https:\/\/pitoeuf.ch\/de\/wp-json\/wp\/v2\/media?parent=44514"}],"wp:term":[{"taxonomy":"product_brand","embeddable":true,"href":"https:\/\/pitoeuf.ch\/de\/wp-json\/wp\/v2\/product_brand?post=44514"},{"taxonomy":"product_cat","embeddable":true,"href":"https:\/\/pitoeuf.ch\/de\/wp-json\/wp\/v2\/product_cat?post=44514"},{"taxonomy":"product_tag","embeddable":true,"href":"https:\/\/pitoeuf.ch\/de\/wp-json\/wp\/v2\/product_tag?post=44514"}],"curies":[{"name":"wp","href":"https:\/\/api.w.org\/{rel}","templated":true}]}}