{"id":33378,"date":"2022-05-16T16:25:52","date_gmt":"2022-05-16T15:25:52","guid":{"rendered":"https:\/\/pitoeuf.ch\/?post_type=product&#038;p=33378"},"modified":"2026-05-05T13:07:16","modified_gmt":"2026-05-05T12:07:16","slug":"kasekuchlein-gruyere-aoc","status":"publish","type":"product","link":"https:\/\/pitoeuf.ch\/de\/produkt\/kasekuchlein-gruyere-aoc\/","title":{"rendered":"K\u00e4sek\u00fcchlein Gruy\u00e8re AOP"},"content":{"rendered":"","protected":false},"excerpt":{"rendered":"","protected":false},"featured_media":40243,"template":"","meta":[],"product_brand":[],"product_cat":[9133],"product_tag":[],"class_list":{"0":"post-33378","1":"product","2":"type-product","3":"status-publish","4":"has-post-thumbnail","6":"product_cat-snacks-und-aperitif_snacks","7":"pa_conditionnement-tiefgekuhlt","9":"first","10":"outofstock","11":"shipping-taxable","12":"purchasable","13":"product-type-pitoeuf","14":"add-to-wishlist-before_image"},"_links":{"self":[{"href":"https:\/\/pitoeuf.ch\/de\/wp-json\/wp\/v2\/product\/33378","targetHints":{"allow":["GET"]}}],"collection":[{"href":"https:\/\/pitoeuf.ch\/de\/wp-json\/wp\/v2\/product"}],"about":[{"href":"https:\/\/pitoeuf.ch\/de\/wp-json\/wp\/v2\/types\/product"}],"wp:featuredmedia":[{"embeddable":true,"href":"https:\/\/pitoeuf.ch\/de\/wp-json\/wp\/v2\/media\/40243"}],"wp:attachment":[{"href":"https:\/\/pitoeuf.ch\/de\/wp-json\/wp\/v2\/media?parent=33378"}],"wp:term":[{"taxonomy":"product_brand","embeddable":true,"href":"https:\/\/pitoeuf.ch\/de\/wp-json\/wp\/v2\/product_brand?post=33378"},{"taxonomy":"product_cat","embeddable":true,"href":"https:\/\/pitoeuf.ch\/de\/wp-json\/wp\/v2\/product_cat?post=33378"},{"taxonomy":"product_tag","embeddable":true,"href":"https:\/\/pitoeuf.ch\/de\/wp-json\/wp\/v2\/product_tag?post=33378"}],"curies":[{"name":"wp","href":"https:\/\/api.w.org\/{rel}","templated":true}]}}