{"id":33359,"date":"2022-05-16T16:23:56","date_gmt":"2022-05-16T15:23:56","guid":{"rendered":"https:\/\/pitoeuf.ch\/?post_type=product&#038;p=33359"},"modified":"2025-11-02T00:13:47","modified_gmt":"2025-11-01T23:13:47","slug":"teigblatter-vorgebacken","status":"publish","type":"product","link":"https:\/\/pitoeuf.ch\/de\/produkt\/teigblatter-vorgebacken\/","title":{"rendered":"Teigbl\u00e4tter vorgebacken"},"content":{"rendered":"<p>Die Bl\u00e4tter werden mit Hartweizengries, Wasser und Eiern hergestellt. Ohne jegliche Farbstoffe oder Konservierungsmittel. Die Bl\u00e4tter bieten unz\u00e4hlige Verwendungsm\u00f6glichkeiten f\u00fcr kreative Teigwarengerichte.<\/p>\n","protected":false},"excerpt":{"rendered":"<p>Die Bl\u00e4tter werden mit Hartweizengries, Wasser und Eiern hergestellt. Ohne jegliche Farbstoffe oder Konservierungsmittel. Die Bl\u00e4tter bieten unz\u00e4hlige Verwendungsm\u00f6glichkeiten f\u00fcr kreative Teigwarengerichte.<\/p>\n","protected":false},"featured_media":40003,"template":"","meta":[],"product_brand":[],"product_cat":[9353],"product_tag":[],"class_list":{"0":"post-33359","1":"product","2":"type-product","3":"status-publish","4":"has-post-thumbnail","6":"product_cat-teigwaren-und-pfannengerichte_ausgerollter-teig","7":"pa_conditionnement-tiefgekuhlt","9":"first","10":"outofstock","11":"shipping-taxable","12":"purchasable","13":"product-type-pitoeuf","14":"add-to-wishlist-before_image"},"_links":{"self":[{"href":"https:\/\/pitoeuf.ch\/de\/wp-json\/wp\/v2\/product\/33359","targetHints":{"allow":["GET"]}}],"collection":[{"href":"https:\/\/pitoeuf.ch\/de\/wp-json\/wp\/v2\/product"}],"about":[{"href":"https:\/\/pitoeuf.ch\/de\/wp-json\/wp\/v2\/types\/product"}],"wp:featuredmedia":[{"embeddable":true,"href":"https:\/\/pitoeuf.ch\/de\/wp-json\/wp\/v2\/media\/40003"}],"wp:attachment":[{"href":"https:\/\/pitoeuf.ch\/de\/wp-json\/wp\/v2\/media?parent=33359"}],"wp:term":[{"taxonomy":"product_brand","embeddable":true,"href":"https:\/\/pitoeuf.ch\/de\/wp-json\/wp\/v2\/product_brand?post=33359"},{"taxonomy":"product_cat","embeddable":true,"href":"https:\/\/pitoeuf.ch\/de\/wp-json\/wp\/v2\/product_cat?post=33359"},{"taxonomy":"product_tag","embeddable":true,"href":"https:\/\/pitoeuf.ch\/de\/wp-json\/wp\/v2\/product_tag?post=33359"}],"curies":[{"name":"wp","href":"https:\/\/api.w.org\/{rel}","templated":true}]}}