{"id":33349,"date":"2022-05-16T16:22:58","date_gmt":"2022-05-16T15:22:58","guid":{"rendered":"https:\/\/pitoeuf.ch\/?post_type=product&#038;p=33349"},"modified":"2026-03-30T06:07:11","modified_gmt":"2026-03-30T05:07:11","slug":"mini-apero-assortiert","status":"publish","type":"product","link":"https:\/\/pitoeuf.ch\/de\/produkt\/mini-apero-assortiert\/","title":{"rendered":"Mini Ap\u00e9ro assortiert"},"content":{"rendered":"<p>11 Sorten : Bl\u00e4tterteiggeb\u00e4ck mit Sardellen, Zwiebeln, Wurst, Spinat, K\u00e4se, Pilze, Oliven, Peperoni, Schinkengipfel, Wurstgipfel<\/p>\n","protected":false},"excerpt":{"rendered":"<p>11 Sorten : Bl\u00e4tterteiggeb\u00e4ck mit Sardellen, Zwiebeln, Wurst, Spinat, K\u00e4se, Pilze, Oliven, Peperoni, Schinkengipfel, Wurstgipfel<\/p>\n","protected":false},"featured_media":39079,"template":"","meta":[],"product_brand":[],"product_cat":[9033],"product_tag":[],"class_list":{"0":"post-33349","1":"product","2":"type-product","3":"status-publish","4":"has-post-thumbnail","6":"product_cat-snacks-und-aperitif_aperitif","7":"pa_conditionnement-tiefgekuhlt","9":"first","10":"outofstock","11":"shipping-taxable","12":"purchasable","13":"product-type-pitoeuf","14":"add-to-wishlist-before_image"},"_links":{"self":[{"href":"https:\/\/pitoeuf.ch\/de\/wp-json\/wp\/v2\/product\/33349","targetHints":{"allow":["GET"]}}],"collection":[{"href":"https:\/\/pitoeuf.ch\/de\/wp-json\/wp\/v2\/product"}],"about":[{"href":"https:\/\/pitoeuf.ch\/de\/wp-json\/wp\/v2\/types\/product"}],"wp:featuredmedia":[{"embeddable":true,"href":"https:\/\/pitoeuf.ch\/de\/wp-json\/wp\/v2\/media\/39079"}],"wp:attachment":[{"href":"https:\/\/pitoeuf.ch\/de\/wp-json\/wp\/v2\/media?parent=33349"}],"wp:term":[{"taxonomy":"product_brand","embeddable":true,"href":"https:\/\/pitoeuf.ch\/de\/wp-json\/wp\/v2\/product_brand?post=33349"},{"taxonomy":"product_cat","embeddable":true,"href":"https:\/\/pitoeuf.ch\/de\/wp-json\/wp\/v2\/product_cat?post=33349"},{"taxonomy":"product_tag","embeddable":true,"href":"https:\/\/pitoeuf.ch\/de\/wp-json\/wp\/v2\/product_tag?post=33349"}],"curies":[{"name":"wp","href":"https:\/\/api.w.org\/{rel}","templated":true}]}}