{"id":33320,"date":"2022-05-16T16:18:25","date_gmt":"2022-05-16T15:18:25","guid":{"rendered":"https:\/\/pitoeuf.ch\/?post_type=product&#038;p=33320"},"modified":"2026-04-23T09:07:17","modified_gmt":"2026-04-23T08:07:17","slug":"eis-kartause-25-l","status":"publish","type":"product","link":"https:\/\/pitoeuf.ch\/de\/produkt\/eis-kartause-25-l\/","title":{"rendered":"Eis Kartause 2,5 l"},"content":{"rendered":"<p>Chartreuse\u00ae Lik\u00f6r. Entdecken Sie unter seiner wundersch\u00f6nen intensiven gr\u00fcnen Farbe seine unglaublichen Kr\u00e4uter- und Gew\u00fcrznoten<\/p>\n","protected":false},"excerpt":{"rendered":"<p>Chartreuse\u00ae Lik\u00f6r. Entdecken Sie unter seiner wundersch\u00f6nen intensiven gr\u00fcnen Farbe seine unglaublichen Kr\u00e4uter- und Gew\u00fcrznoten<\/p>\n","protected":false},"featured_media":39657,"template":"","meta":[],"product_brand":[],"product_cat":[9115],"product_tag":[],"class_list":{"0":"post-33320","1":"product","2":"type-product","3":"status-publish","4":"has-post-thumbnail","6":"product_cat-eis_eis","7":"pa_conditionnement-tiefgekuhlt","9":"first","10":"outofstock","11":"shipping-taxable","12":"purchasable","13":"product-type-pitoeuf","14":"add-to-wishlist-before_image"},"_links":{"self":[{"href":"https:\/\/pitoeuf.ch\/de\/wp-json\/wp\/v2\/product\/33320","targetHints":{"allow":["GET"]}}],"collection":[{"href":"https:\/\/pitoeuf.ch\/de\/wp-json\/wp\/v2\/product"}],"about":[{"href":"https:\/\/pitoeuf.ch\/de\/wp-json\/wp\/v2\/types\/product"}],"wp:featuredmedia":[{"embeddable":true,"href":"https:\/\/pitoeuf.ch\/de\/wp-json\/wp\/v2\/media\/39657"}],"wp:attachment":[{"href":"https:\/\/pitoeuf.ch\/de\/wp-json\/wp\/v2\/media?parent=33320"}],"wp:term":[{"taxonomy":"product_brand","embeddable":true,"href":"https:\/\/pitoeuf.ch\/de\/wp-json\/wp\/v2\/product_brand?post=33320"},{"taxonomy":"product_cat","embeddable":true,"href":"https:\/\/pitoeuf.ch\/de\/wp-json\/wp\/v2\/product_cat?post=33320"},{"taxonomy":"product_tag","embeddable":true,"href":"https:\/\/pitoeuf.ch\/de\/wp-json\/wp\/v2\/product_tag?post=33320"}],"curies":[{"name":"wp","href":"https:\/\/api.w.org\/{rel}","templated":true}]}}