{"id":33242,"date":"2022-05-16T16:17:02","date_gmt":"2022-05-16T15:17:02","guid":{"rendered":"https:\/\/pitoeuf.ch\/?post_type=product&#038;p=33242"},"modified":"2026-04-10T05:10:31","modified_gmt":"2026-04-10T04:10:31","slug":"hilcona-quinoa-chili-burger-2","status":"publish","type":"product","link":"https:\/\/pitoeuf.ch\/de\/produkt\/hilcona-quinoa-chili-burger-2\/","title":{"rendered":"Hilcona Quinoa Chili Burger"},"content":{"rendered":"<p>Inspiriert von der s\u00fcdamerikanischen K\u00fcche auf Basis von Quinoa. Typische regionale Komponenten wie Mais, Bohnen und Chili sorgen f\u00fcr den authentischen Geschmack und die typische Optik. F\u00fcr den knusprigen Biss sorgt eine Taccopanade.<\/p>\n","protected":false},"excerpt":{"rendered":"<p>Inspiriert von der s\u00fcdamerikanischen K\u00fcche auf Basis von Quinoa. Typische regionale Komponenten wie Mais, Bohnen und Chili sorgen f\u00fcr den authentischen Geschmack und die typische Optik. F\u00fcr den knusprigen Biss sorgt eine Taccopanade.<\/p>\n","protected":false},"featured_media":43441,"template":"","meta":[],"product_brand":[],"product_cat":[9333],"product_tag":[386],"class_list":{"0":"post-33242","1":"product","2":"type-product","3":"status-publish","4":"has-post-thumbnail","6":"product_cat-teigwaren-und-pfannengerichte_vegetarisches_hilcona","7":"product_tag-aktionen-de","8":"pa_conditionnement-tiefgekuhlt","10":"first","11":"outofstock","12":"sale","13":"shipping-taxable","14":"purchasable","15":"product-type-pitoeuf","16":"add-to-wishlist-before_image"},"_links":{"self":[{"href":"https:\/\/pitoeuf.ch\/de\/wp-json\/wp\/v2\/product\/33242","targetHints":{"allow":["GET"]}}],"collection":[{"href":"https:\/\/pitoeuf.ch\/de\/wp-json\/wp\/v2\/product"}],"about":[{"href":"https:\/\/pitoeuf.ch\/de\/wp-json\/wp\/v2\/types\/product"}],"wp:featuredmedia":[{"embeddable":true,"href":"https:\/\/pitoeuf.ch\/de\/wp-json\/wp\/v2\/media\/43441"}],"wp:attachment":[{"href":"https:\/\/pitoeuf.ch\/de\/wp-json\/wp\/v2\/media?parent=33242"}],"wp:term":[{"taxonomy":"product_brand","embeddable":true,"href":"https:\/\/pitoeuf.ch\/de\/wp-json\/wp\/v2\/product_brand?post=33242"},{"taxonomy":"product_cat","embeddable":true,"href":"https:\/\/pitoeuf.ch\/de\/wp-json\/wp\/v2\/product_cat?post=33242"},{"taxonomy":"product_tag","embeddable":true,"href":"https:\/\/pitoeuf.ch\/de\/wp-json\/wp\/v2\/product_tag?post=33242"}],"curies":[{"name":"wp","href":"https:\/\/api.w.org\/{rel}","templated":true}]}}