{"id":33224,"date":"2022-05-16T16:15:45","date_gmt":"2022-05-16T15:15:45","guid":{"rendered":"https:\/\/pitoeuf.ch\/?post_type=product&#038;p=33224"},"modified":"2026-02-11T15:07:05","modified_gmt":"2026-02-11T14:07:05","slug":"wachteleier-gekocht-und-geschalt-im-glas","status":"publish","type":"product","link":"https:\/\/pitoeuf.ch\/de\/produkt\/wachteleier-gekocht-und-geschalt-im-glas\/","title":{"rendered":"Wachteleier gekocht und gesch\u00e4lt im Glas"},"content":{"rendered":"<p>Wachteleier 58 % Lake 42 % (Wasser 98.02%,Salz 1.6%,Konservierungsmittel:Milchs\u00e4ure 0.3% Antioxydabt: Askorbins\u00e4ure 008%)<\/p>\n","protected":false},"excerpt":{"rendered":"<p>Wachteleier 58 % Lake 42 % (Wasser 98.02%,Salz 1.6%,Konservierungsmittel:Milchs\u00e4ure 0.3% Antioxydabt: Askorbins\u00e4ure 008%)<\/p>\n","protected":false},"featured_media":43427,"template":"","meta":[],"product_brand":[],"product_cat":[9345],"product_tag":[],"class_list":{"0":"post-33224","1":"product","2":"type-product","3":"status-publish","4":"has-post-thumbnail","6":"product_cat-eier_eiprodukte","7":"pa_conditionnement-frisches","9":"first","10":"outofstock","11":"shipping-taxable","12":"purchasable","13":"product-type-pitoeuf","14":"add-to-wishlist-before_image"},"_links":{"self":[{"href":"https:\/\/pitoeuf.ch\/de\/wp-json\/wp\/v2\/product\/33224","targetHints":{"allow":["GET"]}}],"collection":[{"href":"https:\/\/pitoeuf.ch\/de\/wp-json\/wp\/v2\/product"}],"about":[{"href":"https:\/\/pitoeuf.ch\/de\/wp-json\/wp\/v2\/types\/product"}],"wp:featuredmedia":[{"embeddable":true,"href":"https:\/\/pitoeuf.ch\/de\/wp-json\/wp\/v2\/media\/43427"}],"wp:attachment":[{"href":"https:\/\/pitoeuf.ch\/de\/wp-json\/wp\/v2\/media?parent=33224"}],"wp:term":[{"taxonomy":"product_brand","embeddable":true,"href":"https:\/\/pitoeuf.ch\/de\/wp-json\/wp\/v2\/product_brand?post=33224"},{"taxonomy":"product_cat","embeddable":true,"href":"https:\/\/pitoeuf.ch\/de\/wp-json\/wp\/v2\/product_cat?post=33224"},{"taxonomy":"product_tag","embeddable":true,"href":"https:\/\/pitoeuf.ch\/de\/wp-json\/wp\/v2\/product_tag?post=33224"}],"curies":[{"name":"wp","href":"https:\/\/api.w.org\/{rel}","templated":true}]}}