{"id":33075,"date":"2022-05-16T15:52:59","date_gmt":"2022-05-16T14:52:59","guid":{"rendered":"https:\/\/pitoeuf.ch\/?post_type=product&#038;p=33075"},"modified":"2025-11-26T08:07:05","modified_gmt":"2025-11-26T07:07:05","slug":"poulet-unterschenkel-gefullt-mit-zwetschgen","status":"publish","type":"product","link":"https:\/\/pitoeuf.ch\/de\/produkt\/poulet-unterschenkel-gefullt-mit-zwetschgen\/","title":{"rendered":"Poulet &#8211; Unterschenkel gef\u00fcllt mit Zwetschgen"},"content":{"rendered":"<p>Poulet-Unterschenkel ohne Knochen, gew\u00fcrzt und gef\u00fcllt mit Zwetschgen<\/p>\n","protected":false},"excerpt":{"rendered":"<p>Poulet-Unterschenkel ohne Knochen, gew\u00fcrzt und gef\u00fcllt mit Zwetschgen<\/p>\n","protected":false},"featured_media":41289,"template":"","meta":[],"product_brand":[],"product_cat":[9057],"product_tag":[385],"class_list":{"0":"post-33075","1":"product","2":"type-product","3":"status-publish","4":"has-post-thumbnail","6":"product_cat-geflugel_huhn_verarbeitete-produkte","7":"product_tag-suisse-de","8":"pa_conditionnement-frisches","10":"first","11":"outofstock","12":"shipping-taxable","13":"purchasable","14":"product-type-pitoeuf","15":"add-to-wishlist-before_image"},"_links":{"self":[{"href":"https:\/\/pitoeuf.ch\/de\/wp-json\/wp\/v2\/product\/33075","targetHints":{"allow":["GET"]}}],"collection":[{"href":"https:\/\/pitoeuf.ch\/de\/wp-json\/wp\/v2\/product"}],"about":[{"href":"https:\/\/pitoeuf.ch\/de\/wp-json\/wp\/v2\/types\/product"}],"wp:featuredmedia":[{"embeddable":true,"href":"https:\/\/pitoeuf.ch\/de\/wp-json\/wp\/v2\/media\/41289"}],"wp:attachment":[{"href":"https:\/\/pitoeuf.ch\/de\/wp-json\/wp\/v2\/media?parent=33075"}],"wp:term":[{"taxonomy":"product_brand","embeddable":true,"href":"https:\/\/pitoeuf.ch\/de\/wp-json\/wp\/v2\/product_brand?post=33075"},{"taxonomy":"product_cat","embeddable":true,"href":"https:\/\/pitoeuf.ch\/de\/wp-json\/wp\/v2\/product_cat?post=33075"},{"taxonomy":"product_tag","embeddable":true,"href":"https:\/\/pitoeuf.ch\/de\/wp-json\/wp\/v2\/product_tag?post=33075"}],"curies":[{"name":"wp","href":"https:\/\/api.w.org\/{rel}","templated":true}]}}