{"id":31541,"date":"2022-03-06T12:59:44","date_gmt":"2022-03-06T11:59:44","guid":{"rendered":"https:\/\/pitoeuf.ch\/?post_type=product&#038;p=31541"},"modified":"2026-04-06T06:07:32","modified_gmt":"2026-04-06T05:07:32","slug":"kadi-jalapenos-mit-frischkase-und-pfefferschoten","status":"publish","type":"product","link":"https:\/\/pitoeuf.ch\/de\/produkt\/kadi-jalapenos-mit-frischkase-und-pfefferschoten\/","title":{"rendered":"Kadi Jalape\u00f1os mit Frischk\u00e4se und Pfefferschoten"},"content":{"rendered":"<p>Chilischoten mit Frischk\u00e4se gef\u00fcllt, paniert<\/p>\n","protected":false},"excerpt":{"rendered":"<p>Chilischoten mit Frischk\u00e4se gef\u00fcllt, paniert<\/p>\n","protected":false},"featured_media":40159,"template":"","meta":[],"product_brand":[],"product_cat":[9033],"product_tag":[385],"class_list":{"0":"post-31541","1":"product","2":"type-product","3":"status-publish","4":"has-post-thumbnail","6":"product_cat-snacks-und-aperitif_aperitif","7":"product_tag-suisse-de","8":"pa_conditionnement-tiefgekuhlt","10":"first","11":"outofstock","12":"shipping-taxable","13":"purchasable","14":"product-type-pitoeuf","15":"add-to-wishlist-before_image"},"_links":{"self":[{"href":"https:\/\/pitoeuf.ch\/de\/wp-json\/wp\/v2\/product\/31541","targetHints":{"allow":["GET"]}}],"collection":[{"href":"https:\/\/pitoeuf.ch\/de\/wp-json\/wp\/v2\/product"}],"about":[{"href":"https:\/\/pitoeuf.ch\/de\/wp-json\/wp\/v2\/types\/product"}],"wp:featuredmedia":[{"embeddable":true,"href":"https:\/\/pitoeuf.ch\/de\/wp-json\/wp\/v2\/media\/40159"}],"wp:attachment":[{"href":"https:\/\/pitoeuf.ch\/de\/wp-json\/wp\/v2\/media?parent=31541"}],"wp:term":[{"taxonomy":"product_brand","embeddable":true,"href":"https:\/\/pitoeuf.ch\/de\/wp-json\/wp\/v2\/product_brand?post=31541"},{"taxonomy":"product_cat","embeddable":true,"href":"https:\/\/pitoeuf.ch\/de\/wp-json\/wp\/v2\/product_cat?post=31541"},{"taxonomy":"product_tag","embeddable":true,"href":"https:\/\/pitoeuf.ch\/de\/wp-json\/wp\/v2\/product_tag?post=31541"}],"curies":[{"name":"wp","href":"https:\/\/api.w.org\/{rel}","templated":true}]}}