{"id":31521,"date":"2022-03-06T12:59:37","date_gmt":"2022-03-06T11:59:37","guid":{"rendered":"https:\/\/pitoeuf.ch\/?post_type=product&#038;p=31521"},"modified":"2026-04-30T16:07:14","modified_gmt":"2026-04-30T15:07:14","slug":"speckwurfel-gerauchert-2","status":"publish","type":"product","link":"https:\/\/pitoeuf.ch\/de\/produkt\/speckwurfel-gerauchert-2\/","title":{"rendered":"Speckw\u00fcrfel ger\u00e4uchert"},"content":{"rendered":"<p>Schweinflesich ger\u00e4ucherte<\/p>\n","protected":false},"excerpt":{"rendered":"<p>Schweinflesich ger\u00e4ucherte<\/p>\n","protected":false},"featured_media":40141,"template":"","meta":[],"product_brand":[],"product_cat":[9221],"product_tag":[385,387],"class_list":{"0":"post-31521","1":"product","2":"type-product","3":"status-publish","4":"has-post-thumbnail","6":"product_cat-fleisch_aufschnitt_gerauchtes","7":"product_tag-suisse-de","8":"product_tag-wochenpreise-de","9":"pa_conditionnement-frisches","11":"first","12":"outofstock","13":"shipping-taxable","14":"purchasable","15":"product-type-pitoeuf","16":"add-to-wishlist-before_image"},"_links":{"self":[{"href":"https:\/\/pitoeuf.ch\/de\/wp-json\/wp\/v2\/product\/31521","targetHints":{"allow":["GET"]}}],"collection":[{"href":"https:\/\/pitoeuf.ch\/de\/wp-json\/wp\/v2\/product"}],"about":[{"href":"https:\/\/pitoeuf.ch\/de\/wp-json\/wp\/v2\/types\/product"}],"wp:featuredmedia":[{"embeddable":true,"href":"https:\/\/pitoeuf.ch\/de\/wp-json\/wp\/v2\/media\/40141"}],"wp:attachment":[{"href":"https:\/\/pitoeuf.ch\/de\/wp-json\/wp\/v2\/media?parent=31521"}],"wp:term":[{"taxonomy":"product_brand","embeddable":true,"href":"https:\/\/pitoeuf.ch\/de\/wp-json\/wp\/v2\/product_brand?post=31521"},{"taxonomy":"product_cat","embeddable":true,"href":"https:\/\/pitoeuf.ch\/de\/wp-json\/wp\/v2\/product_cat?post=31521"},{"taxonomy":"product_tag","embeddable":true,"href":"https:\/\/pitoeuf.ch\/de\/wp-json\/wp\/v2\/product_tag?post=31521"}],"curies":[{"name":"wp","href":"https:\/\/api.w.org\/{rel}","templated":true}]}}