{"id":31051,"date":"2022-03-06T12:51:08","date_gmt":"2022-03-06T11:51:08","guid":{"rendered":"https:\/\/pitoeuf.ch\/?post_type=product&#038;p=31051"},"modified":"2026-03-03T16:07:36","modified_gmt":"2026-03-03T15:07:36","slug":"eis-cookies-25-l","status":"publish","type":"product","link":"https:\/\/pitoeuf.ch\/de\/produkt\/eis-cookies-25-l\/","title":{"rendered":"Eis Cookies 2,5 l"},"content":{"rendered":"<p>Haselnuss und Bourbon-Vanille mit Keksst\u00fcckchen, Haselnussst\u00fcckchen, Schokoladensplittern und karamellisierten Mandelst\u00fcckchen<\/p>\n","protected":false},"excerpt":{"rendered":"<p>Haselnuss und Bourbon-Vanille mit Keksst\u00fcckchen, Haselnussst\u00fcckchen, Schokoladensplittern und karamellisierten Mandelst\u00fcckchen<\/p>\n","protected":false},"featured_media":39691,"template":"","meta":[],"product_brand":[],"product_cat":[9115],"product_tag":[],"class_list":{"0":"post-31051","1":"product","2":"type-product","3":"status-publish","4":"has-post-thumbnail","6":"product_cat-eis_eis","7":"pa_conditionnement-tiefgekuhlt","9":"first","10":"outofstock","11":"shipping-taxable","12":"purchasable","13":"product-type-pitoeuf","14":"add-to-wishlist-before_image"},"_links":{"self":[{"href":"https:\/\/pitoeuf.ch\/de\/wp-json\/wp\/v2\/product\/31051","targetHints":{"allow":["GET"]}}],"collection":[{"href":"https:\/\/pitoeuf.ch\/de\/wp-json\/wp\/v2\/product"}],"about":[{"href":"https:\/\/pitoeuf.ch\/de\/wp-json\/wp\/v2\/types\/product"}],"wp:featuredmedia":[{"embeddable":true,"href":"https:\/\/pitoeuf.ch\/de\/wp-json\/wp\/v2\/media\/39691"}],"wp:attachment":[{"href":"https:\/\/pitoeuf.ch\/de\/wp-json\/wp\/v2\/media?parent=31051"}],"wp:term":[{"taxonomy":"product_brand","embeddable":true,"href":"https:\/\/pitoeuf.ch\/de\/wp-json\/wp\/v2\/product_brand?post=31051"},{"taxonomy":"product_cat","embeddable":true,"href":"https:\/\/pitoeuf.ch\/de\/wp-json\/wp\/v2\/product_cat?post=31051"},{"taxonomy":"product_tag","embeddable":true,"href":"https:\/\/pitoeuf.ch\/de\/wp-json\/wp\/v2\/product_tag?post=31051"}],"curies":[{"name":"wp","href":"https:\/\/api.w.org\/{rel}","templated":true}]}}