{"id":30904,"date":"2022-03-06T12:48:07","date_gmt":"2022-03-06T11:48:07","guid":{"rendered":"https:\/\/pitoeuf.ch\/?post_type=product&#038;p=30904"},"modified":"2026-04-23T09:07:17","modified_gmt":"2026-04-23T08:07:17","slug":"eis-brownies-25-l","status":"publish","type":"product","link":"https:\/\/pitoeuf.ch\/de\/produkt\/eis-brownies-25-l\/","title":{"rendered":"Eis Brownies  2,5 l"},"content":{"rendered":"<p>mit Jivara Schokolade von Valrh\u00f4na, Walnusspaste, gehackten karamelisierten Pekann\u00fcssen und Cookiesst\u00fcckchen<\/p>\n","protected":false},"excerpt":{"rendered":"<p>mit Jivara Schokolade von Valrh\u00f4na, Walnusspaste, gehackten karamelisierten Pekann\u00fcssen und Cookiesst\u00fcckchen<\/p>\n","protected":false},"featured_media":39667,"template":"","meta":[],"product_brand":[],"product_cat":[9115],"product_tag":[],"class_list":{"0":"post-30904","1":"product","2":"type-product","3":"status-publish","4":"has-post-thumbnail","6":"product_cat-eis_eis","7":"pa_conditionnement-tiefgekuhlt","9":"first","10":"outofstock","11":"shipping-taxable","12":"purchasable","13":"product-type-pitoeuf","14":"add-to-wishlist-before_image"},"_links":{"self":[{"href":"https:\/\/pitoeuf.ch\/de\/wp-json\/wp\/v2\/product\/30904","targetHints":{"allow":["GET"]}}],"collection":[{"href":"https:\/\/pitoeuf.ch\/de\/wp-json\/wp\/v2\/product"}],"about":[{"href":"https:\/\/pitoeuf.ch\/de\/wp-json\/wp\/v2\/types\/product"}],"wp:featuredmedia":[{"embeddable":true,"href":"https:\/\/pitoeuf.ch\/de\/wp-json\/wp\/v2\/media\/39667"}],"wp:attachment":[{"href":"https:\/\/pitoeuf.ch\/de\/wp-json\/wp\/v2\/media?parent=30904"}],"wp:term":[{"taxonomy":"product_brand","embeddable":true,"href":"https:\/\/pitoeuf.ch\/de\/wp-json\/wp\/v2\/product_brand?post=30904"},{"taxonomy":"product_cat","embeddable":true,"href":"https:\/\/pitoeuf.ch\/de\/wp-json\/wp\/v2\/product_cat?post=30904"},{"taxonomy":"product_tag","embeddable":true,"href":"https:\/\/pitoeuf.ch\/de\/wp-json\/wp\/v2\/product_tag?post=30904"}],"curies":[{"name":"wp","href":"https:\/\/api.w.org\/{rel}","templated":true}]}}