{"id":30572,"date":"2022-03-06T12:42:35","date_gmt":"2022-03-06T11:42:35","guid":{"rendered":"https:\/\/pitoeuf.ch\/?post_type=product&#038;p=30572"},"modified":"2025-11-02T00:08:54","modified_gmt":"2025-11-01T23:08:54","slug":"hilcona-mediteraner-dinkelburger","status":"publish","type":"product","link":"https:\/\/pitoeuf.ch\/de\/produkt\/hilcona-mediteraner-dinkelburger\/","title":{"rendered":"Hilcona Mediteraner Dinkelburger"},"content":{"rendered":"<p>Vegetarisch<br \/>\nGepr\u00e4gt durch die kulinarische Tradition Italiens. Die Kr\u00e4uter, das hochwertige Oliven\u00f6l, s\u00fcsse, sonnengereifte Tomaten und Zucchetti lassen den Gast in ein knusprig-cremiges St\u00fcck Urlaubsfeeling beissen. F\u00fcr die Harmonie zwischen dem Gem\u00fcse sorgt der K\u00e4seschmelz aus original Provolone DOP und Mozzarella.<\/p>\n","protected":false},"excerpt":{"rendered":"<p>Vegetarisch Gepr\u00e4gt durch die kulinarische Tradition Italiens. Die Kr\u00e4uter, das hochwertige Oliven\u00f6l, s\u00fcsse, sonnengereifte Tomaten und Zucchetti lassen den Gast in ein knusprig-cremiges St\u00fcck Urlaubsfeeling beissen. F\u00fcr die Harmonie zwischen dem Gem\u00fcse sorgt der K\u00e4seschmelz aus original Provolone DOP und Mozzarella.<\/p>\n","protected":false},"featured_media":43347,"template":"","meta":[],"product_brand":[],"product_cat":[9333],"product_tag":[385],"class_list":{"0":"post-30572","1":"product","2":"type-product","3":"status-publish","4":"has-post-thumbnail","6":"product_cat-teigwaren-und-pfannengerichte_vegetarisches_hilcona","7":"product_tag-suisse-de","8":"pa_conditionnement-tiefgekuhlt","10":"first","11":"outofstock","12":"shipping-taxable","13":"purchasable","14":"product-type-pitoeuf","15":"add-to-wishlist-before_image"},"_links":{"self":[{"href":"https:\/\/pitoeuf.ch\/de\/wp-json\/wp\/v2\/product\/30572","targetHints":{"allow":["GET"]}}],"collection":[{"href":"https:\/\/pitoeuf.ch\/de\/wp-json\/wp\/v2\/product"}],"about":[{"href":"https:\/\/pitoeuf.ch\/de\/wp-json\/wp\/v2\/types\/product"}],"wp:featuredmedia":[{"embeddable":true,"href":"https:\/\/pitoeuf.ch\/de\/wp-json\/wp\/v2\/media\/43347"}],"wp:attachment":[{"href":"https:\/\/pitoeuf.ch\/de\/wp-json\/wp\/v2\/media?parent=30572"}],"wp:term":[{"taxonomy":"product_brand","embeddable":true,"href":"https:\/\/pitoeuf.ch\/de\/wp-json\/wp\/v2\/product_brand?post=30572"},{"taxonomy":"product_cat","embeddable":true,"href":"https:\/\/pitoeuf.ch\/de\/wp-json\/wp\/v2\/product_cat?post=30572"},{"taxonomy":"product_tag","embeddable":true,"href":"https:\/\/pitoeuf.ch\/de\/wp-json\/wp\/v2\/product_tag?post=30572"}],"curies":[{"name":"wp","href":"https:\/\/api.w.org\/{rel}","templated":true}]}}