{"id":30420,"date":"2022-03-06T12:39:30","date_gmt":"2022-03-06T11:39:30","guid":{"rendered":"https:\/\/pitoeuf.ch\/?post_type=product&#038;p=30420"},"modified":"2026-04-21T06:07:06","modified_gmt":"2026-04-21T05:07:06","slug":"kadi-fruhlingsrollen-china-mit-poulet-und-gemuse","status":"publish","type":"product","link":"https:\/\/pitoeuf.ch\/de\/produkt\/kadi-fruhlingsrollen-china-mit-poulet-und-gemuse\/","title":{"rendered":"Kadi Fr\u00fchlingsrollen China mit Poulet und Gem\u00fcse"},"content":{"rendered":"<p>vorfrittiert, Gem\u00fcse, Weizenmehl, Pouletfleisch, Sonnenblumen\u00f6l, Kochsalz, Judasohrenpilze, Gew\u00fcrze<\/p>\n","protected":false},"excerpt":{"rendered":"<p>vorfrittiert, Gem\u00fcse, Weizenmehl, Pouletfleisch, Sonnenblumen\u00f6l, Kochsalz, Judasohrenpilze, Gew\u00fcrze<\/p>\n","protected":false},"featured_media":43235,"template":"","meta":[],"product_brand":[],"product_cat":[9033],"product_tag":[385],"class_list":{"0":"post-30420","1":"product","2":"type-product","3":"status-publish","4":"has-post-thumbnail","6":"product_cat-snacks-und-aperitif_aperitif","7":"product_tag-suisse-de","8":"pa_conditionnement-tiefgekuhlt","10":"first","11":"outofstock","12":"shipping-taxable","13":"purchasable","14":"product-type-pitoeuf","15":"add-to-wishlist-before_image"},"_links":{"self":[{"href":"https:\/\/pitoeuf.ch\/de\/wp-json\/wp\/v2\/product\/30420","targetHints":{"allow":["GET"]}}],"collection":[{"href":"https:\/\/pitoeuf.ch\/de\/wp-json\/wp\/v2\/product"}],"about":[{"href":"https:\/\/pitoeuf.ch\/de\/wp-json\/wp\/v2\/types\/product"}],"wp:featuredmedia":[{"embeddable":true,"href":"https:\/\/pitoeuf.ch\/de\/wp-json\/wp\/v2\/media\/43235"}],"wp:attachment":[{"href":"https:\/\/pitoeuf.ch\/de\/wp-json\/wp\/v2\/media?parent=30420"}],"wp:term":[{"taxonomy":"product_brand","embeddable":true,"href":"https:\/\/pitoeuf.ch\/de\/wp-json\/wp\/v2\/product_brand?post=30420"},{"taxonomy":"product_cat","embeddable":true,"href":"https:\/\/pitoeuf.ch\/de\/wp-json\/wp\/v2\/product_cat?post=30420"},{"taxonomy":"product_tag","embeddable":true,"href":"https:\/\/pitoeuf.ch\/de\/wp-json\/wp\/v2\/product_tag?post=30420"}],"curies":[{"name":"wp","href":"https:\/\/api.w.org\/{rel}","templated":true}]}}