{"id":29916,"date":"2022-03-06T12:30:51","date_gmt":"2022-03-06T11:30:51","guid":{"rendered":"https:\/\/pitoeuf.ch\/?post_type=product&#038;p=29916"},"modified":"2026-03-10T12:07:09","modified_gmt":"2026-03-10T11:07:09","slug":"hilcona-raviolo-5-formaggi","status":"publish","type":"product","link":"https:\/\/pitoeuf.ch\/de\/produkt\/hilcona-raviolo-5-formaggi\/","title":{"rendered":"Hilcona Raviolo 5 Formaggi"},"content":{"rendered":"<p>F\u00fcllung aus einer Auswahl an f\u00fcnf typischen K\u00e4sen (Thurgauer, Mozzarella, Gorgonzola DOP, Hart- und Schnittk\u00e4se) und Weisswein in einem 3-Eier-Teig aus Hartweizengriess und Eiern aus Freilandhaltung<\/p>\n","protected":false},"excerpt":{"rendered":"<p>F\u00fcllung aus einer Auswahl an f\u00fcnf typischen K\u00e4sen (Thurgauer, Mozzarella, Gorgonzola DOP, Hart- und Schnittk\u00e4se) und Weisswein in einem 3-Eier-Teig aus Hartweizengriess und Eiern aus Freilandhaltung<\/p>\n","protected":false},"featured_media":42797,"template":"","meta":[],"product_brand":[],"product_cat":[9329],"product_tag":[],"class_list":{"0":"post-29916","1":"product","2":"type-product","3":"status-publish","4":"has-post-thumbnail","6":"product_cat-teigwaren-und-pfannengerichte_gefullte-teigwaren_hilcona","7":"pa_conditionnement-tiefgekuhlt","9":"first","10":"outofstock","11":"shipping-taxable","12":"purchasable","13":"product-type-pitoeuf","14":"add-to-wishlist-before_image"},"_links":{"self":[{"href":"https:\/\/pitoeuf.ch\/de\/wp-json\/wp\/v2\/product\/29916","targetHints":{"allow":["GET"]}}],"collection":[{"href":"https:\/\/pitoeuf.ch\/de\/wp-json\/wp\/v2\/product"}],"about":[{"href":"https:\/\/pitoeuf.ch\/de\/wp-json\/wp\/v2\/types\/product"}],"wp:featuredmedia":[{"embeddable":true,"href":"https:\/\/pitoeuf.ch\/de\/wp-json\/wp\/v2\/media\/42797"}],"wp:attachment":[{"href":"https:\/\/pitoeuf.ch\/de\/wp-json\/wp\/v2\/media?parent=29916"}],"wp:term":[{"taxonomy":"product_brand","embeddable":true,"href":"https:\/\/pitoeuf.ch\/de\/wp-json\/wp\/v2\/product_brand?post=29916"},{"taxonomy":"product_cat","embeddable":true,"href":"https:\/\/pitoeuf.ch\/de\/wp-json\/wp\/v2\/product_cat?post=29916"},{"taxonomy":"product_tag","embeddable":true,"href":"https:\/\/pitoeuf.ch\/de\/wp-json\/wp\/v2\/product_tag?post=29916"}],"curies":[{"name":"wp","href":"https:\/\/api.w.org\/{rel}","templated":true}]}}