{"id":29890,"date":"2022-03-06T12:30:40","date_gmt":"2022-03-06T11:30:40","guid":{"rendered":"https:\/\/pitoeuf.ch\/?post_type=product&#038;p=29890"},"modified":"2025-11-01T22:07:22","modified_gmt":"2025-11-01T21:07:22","slug":"hilcona-lasagne-gemuse","status":"publish","type":"product","link":"https:\/\/pitoeuf.ch\/de\/produkt\/hilcona-lasagne-gemuse\/","title":{"rendered":"Hilcona Lasagne Gem\u00fcse"},"content":{"rendered":"<p>Lasagneteig aus Hartweizengriess mit einer Gem\u00fcsesauce aus Karotten, Zucchini, Zwiebeln, Paprika, Sellerie. W\u00fcrzige K\u00e4sekruste f\u00fcr typische \u00abAl Forno\u00bb-Optik.<\/p>\n","protected":false},"excerpt":{"rendered":"<p>Lasagneteig aus Hartweizengriess mit einer Gem\u00fcsesauce aus Karotten, Zucchini, Zwiebeln, Paprika, Sellerie. W\u00fcrzige K\u00e4sekruste f\u00fcr typische \u00abAl Forno\u00bb-Optik.<\/p>\n","protected":false},"featured_media":42777,"template":"","meta":[],"product_brand":[],"product_cat":[9201],"product_tag":[],"class_list":{"0":"post-29890","1":"product","2":"type-product","3":"status-publish","4":"has-post-thumbnail","6":"product_cat-teigwaren-und-pfannengerichte_lasagne-und-cannelloni","7":"pa_conditionnement-tiefgekuhlt","9":"first","10":"outofstock","11":"shipping-taxable","12":"purchasable","13":"product-type-pitoeuf","14":"add-to-wishlist-before_image"},"_links":{"self":[{"href":"https:\/\/pitoeuf.ch\/de\/wp-json\/wp\/v2\/product\/29890","targetHints":{"allow":["GET"]}}],"collection":[{"href":"https:\/\/pitoeuf.ch\/de\/wp-json\/wp\/v2\/product"}],"about":[{"href":"https:\/\/pitoeuf.ch\/de\/wp-json\/wp\/v2\/types\/product"}],"wp:featuredmedia":[{"embeddable":true,"href":"https:\/\/pitoeuf.ch\/de\/wp-json\/wp\/v2\/media\/42777"}],"wp:attachment":[{"href":"https:\/\/pitoeuf.ch\/de\/wp-json\/wp\/v2\/media?parent=29890"}],"wp:term":[{"taxonomy":"product_brand","embeddable":true,"href":"https:\/\/pitoeuf.ch\/de\/wp-json\/wp\/v2\/product_brand?post=29890"},{"taxonomy":"product_cat","embeddable":true,"href":"https:\/\/pitoeuf.ch\/de\/wp-json\/wp\/v2\/product_cat?post=29890"},{"taxonomy":"product_tag","embeddable":true,"href":"https:\/\/pitoeuf.ch\/de\/wp-json\/wp\/v2\/product_tag?post=29890"}],"curies":[{"name":"wp","href":"https:\/\/api.w.org\/{rel}","templated":true}]}}