{"id":29872,"date":"2022-03-06T12:30:33","date_gmt":"2022-03-06T11:30:33","guid":{"rendered":"https:\/\/pitoeuf.ch\/?post_type=product&#038;p=29872"},"modified":"2026-02-25T10:07:05","modified_gmt":"2026-02-25T09:07:05","slug":"hilcona-gemuse-spatzlepfanne","status":"publish","type":"product","link":"https:\/\/pitoeuf.ch\/de\/produkt\/hilcona-gemuse-spatzlepfanne\/","title":{"rendered":"Hilcona Gem\u00fcse-Sp\u00e4tzlepfanne"},"content":{"rendered":"<p>Eiersp\u00e4tzli (Nature, Tomate, Spinat) mit einer reichhaltigen Gem\u00fcse- (Karotten, Broccoli, Zwiebeln) und Champignoneinlage.<\/p>\n","protected":false},"excerpt":{"rendered":"<p>Eiersp\u00e4tzli (Nature, Tomate, Spinat) mit einer reichhaltigen Gem\u00fcse- (Karotten, Broccoli, Zwiebeln) und Champignoneinlage.<\/p>\n","protected":false},"featured_media":42765,"template":"","meta":[],"product_brand":[],"product_cat":[9331],"product_tag":[385],"class_list":{"0":"post-29872","1":"product","2":"type-product","3":"status-publish","4":"has-post-thumbnail","6":"product_cat-teigwaren-und-pfannengerichte_vorgekochte-gerichte_hilcona","7":"product_tag-suisse-de","8":"pa_conditionnement-tiefgekuhlt","10":"first","11":"outofstock","12":"shipping-taxable","13":"purchasable","14":"product-type-pitoeuf","15":"add-to-wishlist-before_image"},"_links":{"self":[{"href":"https:\/\/pitoeuf.ch\/de\/wp-json\/wp\/v2\/product\/29872","targetHints":{"allow":["GET"]}}],"collection":[{"href":"https:\/\/pitoeuf.ch\/de\/wp-json\/wp\/v2\/product"}],"about":[{"href":"https:\/\/pitoeuf.ch\/de\/wp-json\/wp\/v2\/types\/product"}],"wp:featuredmedia":[{"embeddable":true,"href":"https:\/\/pitoeuf.ch\/de\/wp-json\/wp\/v2\/media\/42765"}],"wp:attachment":[{"href":"https:\/\/pitoeuf.ch\/de\/wp-json\/wp\/v2\/media?parent=29872"}],"wp:term":[{"taxonomy":"product_brand","embeddable":true,"href":"https:\/\/pitoeuf.ch\/de\/wp-json\/wp\/v2\/product_brand?post=29872"},{"taxonomy":"product_cat","embeddable":true,"href":"https:\/\/pitoeuf.ch\/de\/wp-json\/wp\/v2\/product_cat?post=29872"},{"taxonomy":"product_tag","embeddable":true,"href":"https:\/\/pitoeuf.ch\/de\/wp-json\/wp\/v2\/product_tag?post=29872"}],"curies":[{"name":"wp","href":"https:\/\/api.w.org\/{rel}","templated":true}]}}