{"id":29864,"date":"2022-03-06T12:30:30","date_gmt":"2022-03-06T11:30:30","guid":{"rendered":"https:\/\/pitoeuf.ch\/?post_type=product&#038;p=29864"},"modified":"2025-11-01T22:07:17","modified_gmt":"2025-11-01T21:07:17","slug":"hilcona-galettini-polenta-mediterraneenne","status":"publish","type":"product","link":"https:\/\/pitoeuf.ch\/de\/produkt\/hilcona-galettini-polenta-mediterraneenne\/","title":{"rendered":"Hilcona Galettini Polenta Mediterran\u00e9enne"},"content":{"rendered":"<p>Vegan<br \/>\nMaisgriess, Kartoffelflocken, Hartweizengriess, Gem\u00fcsepaprika, Kr\u00e4utern, Tomaten getrocknet, Peperoncini und Raps\u00f6l.<\/p>\n","protected":false},"excerpt":{"rendered":"<p>Vegan Maisgriess, Kartoffelflocken, Hartweizengriess, Gem\u00fcsepaprika, Kr\u00e4utern, Tomaten getrocknet, Peperoncini und Raps\u00f6l.<\/p>\n","protected":false},"featured_media":42757,"template":"","meta":[],"product_brand":[],"product_cat":[9795],"product_tag":[385],"class_list":{"0":"post-29864","1":"product","2":"type-product","3":"status-publish","4":"has-post-thumbnail","6":"product_cat-teigwaren-und-pfannengerichte_beilagen_hilcona","7":"product_tag-suisse-de","8":"pa_conditionnement-tiefgekuhlt","10":"first","11":"outofstock","12":"shipping-taxable","13":"purchasable","14":"product-type-pitoeuf","15":"add-to-wishlist-before_image"},"_links":{"self":[{"href":"https:\/\/pitoeuf.ch\/de\/wp-json\/wp\/v2\/product\/29864","targetHints":{"allow":["GET"]}}],"collection":[{"href":"https:\/\/pitoeuf.ch\/de\/wp-json\/wp\/v2\/product"}],"about":[{"href":"https:\/\/pitoeuf.ch\/de\/wp-json\/wp\/v2\/types\/product"}],"wp:featuredmedia":[{"embeddable":true,"href":"https:\/\/pitoeuf.ch\/de\/wp-json\/wp\/v2\/media\/42757"}],"wp:attachment":[{"href":"https:\/\/pitoeuf.ch\/de\/wp-json\/wp\/v2\/media?parent=29864"}],"wp:term":[{"taxonomy":"product_brand","embeddable":true,"href":"https:\/\/pitoeuf.ch\/de\/wp-json\/wp\/v2\/product_brand?post=29864"},{"taxonomy":"product_cat","embeddable":true,"href":"https:\/\/pitoeuf.ch\/de\/wp-json\/wp\/v2\/product_cat?post=29864"},{"taxonomy":"product_tag","embeddable":true,"href":"https:\/\/pitoeuf.ch\/de\/wp-json\/wp\/v2\/product_tag?post=29864"}],"curies":[{"name":"wp","href":"https:\/\/api.w.org\/{rel}","templated":true}]}}