{"id":29844,"date":"2022-03-06T12:29:15","date_gmt":"2022-03-06T11:29:15","guid":{"rendered":"https:\/\/pitoeuf.ch\/?post_type=product&#038;p=29844"},"modified":"2025-12-31T06:10:21","modified_gmt":"2025-12-31T05:10:21","slug":"hilcona-alplermakroni","status":"publish","type":"product","link":"https:\/\/pitoeuf.ch\/de\/produkt\/hilcona-alplermakroni\/","title":{"rendered":"Hilcona \u00c4lplermakroni"},"content":{"rendered":"<p>Der Schweizer H\u00fcttenklassiker \u00c4lplermakkaroni wird nach traditioneller Rezeptur aus Rigatoni, Kartoffeln mit einer cremigen K\u00e4se-Rahm-Sauce und Zwiebeln hergestellt.<\/p>\n","protected":false},"excerpt":{"rendered":"<p>Der Schweizer H\u00fcttenklassiker \u00c4lplermakkaroni wird nach traditioneller Rezeptur aus Rigatoni, Kartoffeln mit einer cremigen K\u00e4se-Rahm-Sauce und Zwiebeln hergestellt.<\/p>\n","protected":false},"featured_media":42739,"template":"","meta":[],"product_brand":[],"product_cat":[9331],"product_tag":[385],"class_list":{"0":"post-29844","1":"product","2":"type-product","3":"status-publish","4":"has-post-thumbnail","6":"product_cat-teigwaren-und-pfannengerichte_vorgekochte-gerichte_hilcona","7":"product_tag-suisse-de","8":"pa_conditionnement-tiefgekuhlt","10":"first","11":"outofstock","12":"shipping-taxable","13":"purchasable","14":"product-type-pitoeuf","15":"add-to-wishlist-before_image"},"_links":{"self":[{"href":"https:\/\/pitoeuf.ch\/de\/wp-json\/wp\/v2\/product\/29844","targetHints":{"allow":["GET"]}}],"collection":[{"href":"https:\/\/pitoeuf.ch\/de\/wp-json\/wp\/v2\/product"}],"about":[{"href":"https:\/\/pitoeuf.ch\/de\/wp-json\/wp\/v2\/types\/product"}],"wp:featuredmedia":[{"embeddable":true,"href":"https:\/\/pitoeuf.ch\/de\/wp-json\/wp\/v2\/media\/42739"}],"wp:attachment":[{"href":"https:\/\/pitoeuf.ch\/de\/wp-json\/wp\/v2\/media?parent=29844"}],"wp:term":[{"taxonomy":"product_brand","embeddable":true,"href":"https:\/\/pitoeuf.ch\/de\/wp-json\/wp\/v2\/product_brand?post=29844"},{"taxonomy":"product_cat","embeddable":true,"href":"https:\/\/pitoeuf.ch\/de\/wp-json\/wp\/v2\/product_cat?post=29844"},{"taxonomy":"product_tag","embeddable":true,"href":"https:\/\/pitoeuf.ch\/de\/wp-json\/wp\/v2\/product_tag?post=29844"}],"curies":[{"name":"wp","href":"https:\/\/api.w.org\/{rel}","templated":true}]}}