{"id":29842,"date":"2022-03-06T12:29:15","date_gmt":"2022-03-06T11:29:15","guid":{"rendered":"https:\/\/pitoeuf.ch\/?post_type=product&#038;p=29842"},"modified":"2026-03-26T10:07:35","modified_gmt":"2026-03-26T09:07:35","slug":"hilcona-agnolotti-tartufo","status":"publish","type":"product","link":"https:\/\/pitoeuf.ch\/de\/produkt\/hilcona-agnolotti-tartufo\/","title":{"rendered":"Hilcona Agnolotti Tartufo"},"content":{"rendered":"<p>Getrockneter Tr\u00fcffel (Tuber Indicum) mit frischem Mascarpone, Ricotta und Oliven\u00f6l mit Tr\u00fcffelaroma in einem 3-Eier-Teig aus Hartweizengriess und Eiern aus Freilandhaltung.<\/p>\n","protected":false},"excerpt":{"rendered":"<p>Getrockneter Tr\u00fcffel (Tuber Indicum) mit frischem Mascarpone, Ricotta und Oliven\u00f6l mit Tr\u00fcffelaroma in einem 3-Eier-Teig aus Hartweizengriess und Eiern aus Freilandhaltung.<\/p>\n","protected":false},"featured_media":42737,"template":"","meta":[],"product_brand":[],"product_cat":[9329],"product_tag":[385],"class_list":{"0":"post-29842","1":"product","2":"type-product","3":"status-publish","4":"has-post-thumbnail","6":"product_cat-teigwaren-und-pfannengerichte_gefullte-teigwaren_hilcona","7":"product_tag-suisse-de","8":"pa_conditionnement-tiefgekuhlt","10":"first","11":"outofstock","12":"shipping-taxable","13":"purchasable","14":"product-type-pitoeuf","15":"add-to-wishlist-before_image"},"_links":{"self":[{"href":"https:\/\/pitoeuf.ch\/de\/wp-json\/wp\/v2\/product\/29842","targetHints":{"allow":["GET"]}}],"collection":[{"href":"https:\/\/pitoeuf.ch\/de\/wp-json\/wp\/v2\/product"}],"about":[{"href":"https:\/\/pitoeuf.ch\/de\/wp-json\/wp\/v2\/types\/product"}],"wp:featuredmedia":[{"embeddable":true,"href":"https:\/\/pitoeuf.ch\/de\/wp-json\/wp\/v2\/media\/42737"}],"wp:attachment":[{"href":"https:\/\/pitoeuf.ch\/de\/wp-json\/wp\/v2\/media?parent=29842"}],"wp:term":[{"taxonomy":"product_brand","embeddable":true,"href":"https:\/\/pitoeuf.ch\/de\/wp-json\/wp\/v2\/product_brand?post=29842"},{"taxonomy":"product_cat","embeddable":true,"href":"https:\/\/pitoeuf.ch\/de\/wp-json\/wp\/v2\/product_cat?post=29842"},{"taxonomy":"product_tag","embeddable":true,"href":"https:\/\/pitoeuf.ch\/de\/wp-json\/wp\/v2\/product_tag?post=29842"}],"curies":[{"name":"wp","href":"https:\/\/api.w.org\/{rel}","templated":true}]}}