{"id":29607,"date":"2022-03-06T12:25:44","date_gmt":"2022-03-06T11:25:44","guid":{"rendered":"https:\/\/pitoeuf.ch\/?post_type=product&#038;p=29607"},"modified":"2026-05-05T09:07:08","modified_gmt":"2026-05-05T08:07:08","slug":"kadi-mini-fruhlingsrollen-china-mit-gemuse","status":"publish","type":"product","link":"https:\/\/pitoeuf.ch\/de\/produkt\/kadi-mini-fruhlingsrollen-china-mit-gemuse\/","title":{"rendered":"Kadi Mini-Fr\u00fchlingsrollen China mit Gem\u00fcse"},"content":{"rendered":"<p>vorfittiert, Gem\u00fcse, Weizenmehl, Sonnenblumen\u00f6l, Judasohrenpilze, Kochsalz, Gew\u00fcrze<\/p>\n","protected":false},"excerpt":{"rendered":"<p>vorfittiert, Gem\u00fcse, Weizenmehl, Sonnenblumen\u00f6l, Judasohrenpilze, Kochsalz, Gew\u00fcrze<\/p>\n","protected":false},"featured_media":42545,"template":"","meta":[],"product_brand":[],"product_cat":[9033],"product_tag":[385],"class_list":{"0":"post-29607","1":"product","2":"type-product","3":"status-publish","4":"has-post-thumbnail","6":"product_cat-snacks-und-aperitif_aperitif","7":"product_tag-suisse-de","8":"pa_conditionnement-tiefgekuhlt","10":"first","11":"outofstock","12":"shipping-taxable","13":"purchasable","14":"product-type-pitoeuf","15":"add-to-wishlist-before_image"},"_links":{"self":[{"href":"https:\/\/pitoeuf.ch\/de\/wp-json\/wp\/v2\/product\/29607","targetHints":{"allow":["GET"]}}],"collection":[{"href":"https:\/\/pitoeuf.ch\/de\/wp-json\/wp\/v2\/product"}],"about":[{"href":"https:\/\/pitoeuf.ch\/de\/wp-json\/wp\/v2\/types\/product"}],"wp:featuredmedia":[{"embeddable":true,"href":"https:\/\/pitoeuf.ch\/de\/wp-json\/wp\/v2\/media\/42545"}],"wp:attachment":[{"href":"https:\/\/pitoeuf.ch\/de\/wp-json\/wp\/v2\/media?parent=29607"}],"wp:term":[{"taxonomy":"product_brand","embeddable":true,"href":"https:\/\/pitoeuf.ch\/de\/wp-json\/wp\/v2\/product_brand?post=29607"},{"taxonomy":"product_cat","embeddable":true,"href":"https:\/\/pitoeuf.ch\/de\/wp-json\/wp\/v2\/product_cat?post=29607"},{"taxonomy":"product_tag","embeddable":true,"href":"https:\/\/pitoeuf.ch\/de\/wp-json\/wp\/v2\/product_tag?post=29607"}],"curies":[{"name":"wp","href":"https:\/\/api.w.org\/{rel}","templated":true}]}}