{"id":29579,"date":"2022-03-06T12:25:34","date_gmt":"2022-03-06T11:25:34","guid":{"rendered":"https:\/\/pitoeuf.ch\/?post_type=product&#038;p=29579"},"modified":"2026-01-30T09:07:06","modified_gmt":"2026-01-30T08:07:06","slug":"wurzelgemuse-mischung-suisse-garantie","status":"publish","type":"product","link":"https:\/\/pitoeuf.ch\/de\/produkt\/wurzelgemuse-mischung-suisse-garantie\/","title":{"rendered":"Wurzelgem\u00fcse Mischung &#8222;Suisse Garantie&#8220;"},"content":{"rendered":"<p>Karotten gelb, Pastinaken, S\u00fcsskartoffeln, Steckr\u00fcben<\/p>\n","protected":false},"excerpt":{"rendered":"<p>Karotten gelb, Pastinaken, S\u00fcsskartoffeln, Steckr\u00fcben<\/p>\n","protected":false},"featured_media":42519,"template":"","meta":[],"product_brand":[],"product_cat":[9253],"product_tag":[385],"class_list":{"0":"post-29579","1":"product","2":"type-product","3":"status-publish","4":"has-post-thumbnail","6":"product_cat-gemuse_suisse-garantie","7":"product_tag-suisse-de","8":"pa_conditionnement-tiefgekuhlt","10":"first","11":"outofstock","12":"shipping-taxable","13":"purchasable","14":"product-type-pitoeuf","15":"add-to-wishlist-before_image"},"_links":{"self":[{"href":"https:\/\/pitoeuf.ch\/de\/wp-json\/wp\/v2\/product\/29579","targetHints":{"allow":["GET"]}}],"collection":[{"href":"https:\/\/pitoeuf.ch\/de\/wp-json\/wp\/v2\/product"}],"about":[{"href":"https:\/\/pitoeuf.ch\/de\/wp-json\/wp\/v2\/types\/product"}],"wp:featuredmedia":[{"embeddable":true,"href":"https:\/\/pitoeuf.ch\/de\/wp-json\/wp\/v2\/media\/42519"}],"wp:attachment":[{"href":"https:\/\/pitoeuf.ch\/de\/wp-json\/wp\/v2\/media?parent=29579"}],"wp:term":[{"taxonomy":"product_brand","embeddable":true,"href":"https:\/\/pitoeuf.ch\/de\/wp-json\/wp\/v2\/product_brand?post=29579"},{"taxonomy":"product_cat","embeddable":true,"href":"https:\/\/pitoeuf.ch\/de\/wp-json\/wp\/v2\/product_cat?post=29579"},{"taxonomy":"product_tag","embeddable":true,"href":"https:\/\/pitoeuf.ch\/de\/wp-json\/wp\/v2\/product_tag?post=29579"}],"curies":[{"name":"wp","href":"https:\/\/api.w.org\/{rel}","templated":true}]}}