{"id":29567,"date":"2022-03-06T12:25:30","date_gmt":"2022-03-06T11:25:30","guid":{"rendered":"https:\/\/pitoeuf.ch\/?post_type=product&#038;p=29567"},"modified":"2026-05-15T05:10:22","modified_gmt":"2026-05-15T04:10:22","slug":"kadi-super-frites-2","status":"publish","type":"product","link":"https:\/\/pitoeuf.ch\/de\/produkt\/kadi-super-frites-2\/","title":{"rendered":"Kadi Super-Frites"},"content":{"rendered":"<p>Kartoffeln, St\u00e4rke\u00fcberzug, pflanzliches \u00d6l <\/p>\n<p>20% weniger Wasserverlust<br \/>\n33% weniger Frittier\u00f6l<br \/>\n40% mehr Portionen pro Stunde<br \/>\n15% mehr Leistung<\/p>\n","protected":false},"excerpt":{"rendered":"<p>Kartoffeln, St\u00e4rke\u00fcberzug, pflanzliches \u00d6l 20% weniger Wasserverlust 33% weniger Frittier\u00f6l 40% mehr Portionen pro Stunde 15% mehr Leistung<\/p>\n","protected":false},"featured_media":39449,"template":"","meta":[],"product_brand":[],"product_cat":[9129],"product_tag":[386,385],"class_list":{"0":"post-29567","1":"product","2":"type-product","3":"status-publish","4":"has-post-thumbnail","6":"product_cat-kartoffeln_pommes-frites","7":"product_tag-aktionen-de","8":"product_tag-suisse-de","9":"pa_conditionnement-tiefgekuhlt","11":"first","12":"outofstock","13":"sale","14":"shipping-taxable","15":"purchasable","16":"product-type-pitoeuf","17":"add-to-wishlist-before_image"},"_links":{"self":[{"href":"https:\/\/pitoeuf.ch\/de\/wp-json\/wp\/v2\/product\/29567","targetHints":{"allow":["GET"]}}],"collection":[{"href":"https:\/\/pitoeuf.ch\/de\/wp-json\/wp\/v2\/product"}],"about":[{"href":"https:\/\/pitoeuf.ch\/de\/wp-json\/wp\/v2\/types\/product"}],"wp:featuredmedia":[{"embeddable":true,"href":"https:\/\/pitoeuf.ch\/de\/wp-json\/wp\/v2\/media\/39449"}],"wp:attachment":[{"href":"https:\/\/pitoeuf.ch\/de\/wp-json\/wp\/v2\/media?parent=29567"}],"wp:term":[{"taxonomy":"product_brand","embeddable":true,"href":"https:\/\/pitoeuf.ch\/de\/wp-json\/wp\/v2\/product_brand?post=29567"},{"taxonomy":"product_cat","embeddable":true,"href":"https:\/\/pitoeuf.ch\/de\/wp-json\/wp\/v2\/product_cat?post=29567"},{"taxonomy":"product_tag","embeddable":true,"href":"https:\/\/pitoeuf.ch\/de\/wp-json\/wp\/v2\/product_tag?post=29567"}],"curies":[{"name":"wp","href":"https:\/\/api.w.org\/{rel}","templated":true}]}}