{"id":29467,"date":"2022-03-06T12:23:49","date_gmt":"2022-03-06T11:23:49","guid":{"rendered":"https:\/\/pitoeuf.ch\/?post_type=product&#038;p=29467"},"modified":"2025-11-01T20:07:20","modified_gmt":"2025-11-01T19:07:20","slug":"huhner-knochen","status":"publish","type":"product","link":"https:\/\/pitoeuf.ch\/de\/produkt\/huhner-knochen\/","title":{"rendered":"H\u00fchner-Knochen"},"content":{"rendered":"<p>f\u00fcr Gefl\u00fcgelbr\u00fche<\/p>\n","protected":false},"excerpt":{"rendered":"<p>f\u00fcr Gefl\u00fcgelbr\u00fche<\/p>\n","protected":false},"featured_media":42433,"template":"","meta":[],"product_brand":[],"product_cat":[9165],"product_tag":[385],"class_list":{"0":"post-29467","1":"product","2":"type-product","3":"status-publish","4":"has-post-thumbnail","6":"product_cat-geflugel_huhn_innereien","7":"product_tag-suisse-de","8":"pa_conditionnement-frisches","10":"first","11":"outofstock","12":"shipping-taxable","13":"purchasable","14":"product-type-pitoeuf","15":"add-to-wishlist-before_image"},"_links":{"self":[{"href":"https:\/\/pitoeuf.ch\/de\/wp-json\/wp\/v2\/product\/29467","targetHints":{"allow":["GET"]}}],"collection":[{"href":"https:\/\/pitoeuf.ch\/de\/wp-json\/wp\/v2\/product"}],"about":[{"href":"https:\/\/pitoeuf.ch\/de\/wp-json\/wp\/v2\/types\/product"}],"wp:featuredmedia":[{"embeddable":true,"href":"https:\/\/pitoeuf.ch\/de\/wp-json\/wp\/v2\/media\/42433"}],"wp:attachment":[{"href":"https:\/\/pitoeuf.ch\/de\/wp-json\/wp\/v2\/media?parent=29467"}],"wp:term":[{"taxonomy":"product_brand","embeddable":true,"href":"https:\/\/pitoeuf.ch\/de\/wp-json\/wp\/v2\/product_brand?post=29467"},{"taxonomy":"product_cat","embeddable":true,"href":"https:\/\/pitoeuf.ch\/de\/wp-json\/wp\/v2\/product_cat?post=29467"},{"taxonomy":"product_tag","embeddable":true,"href":"https:\/\/pitoeuf.ch\/de\/wp-json\/wp\/v2\/product_tag?post=29467"}],"curies":[{"name":"wp","href":"https:\/\/api.w.org\/{rel}","templated":true}]}}