{"id":29359,"date":"2022-03-06T12:21:03","date_gmt":"2022-03-06T11:21:03","guid":{"rendered":"https:\/\/pitoeuf.ch\/?post_type=product&#038;p=29359"},"modified":"2025-11-01T19:07:46","modified_gmt":"2025-11-01T18:07:46","slug":"fischtaschli-ladenverpackt-cruidoce","status":"publish","type":"product","link":"https:\/\/pitoeuf.ch\/de\/produkt\/fischtaschli-ladenverpackt-cruidoce\/","title":{"rendered":"Fischt\u00e4schli, ladenverpackt &#8222;Cruidoce&#8220;"},"content":{"rendered":"<p>10 Dose \u00e0 10 St\u00fcck<\/p>\n","protected":false},"excerpt":{"rendered":"<p>10 Dose \u00e0 10 St\u00fcck<\/p>\n","protected":false},"featured_media":42343,"template":"","meta":[],"product_brand":[],"product_cat":[9127],"product_tag":[],"class_list":{"0":"post-29359","1":"product","2":"type-product","3":"status-publish","4":"has-post-thumbnail","6":"product_cat-fisch_fisch_convenience","7":"pa_conditionnement-tiefgekuhlt","9":"first","10":"outofstock","11":"shipping-taxable","12":"purchasable","13":"product-type-pitoeuf","14":"add-to-wishlist-before_image"},"_links":{"self":[{"href":"https:\/\/pitoeuf.ch\/de\/wp-json\/wp\/v2\/product\/29359","targetHints":{"allow":["GET"]}}],"collection":[{"href":"https:\/\/pitoeuf.ch\/de\/wp-json\/wp\/v2\/product"}],"about":[{"href":"https:\/\/pitoeuf.ch\/de\/wp-json\/wp\/v2\/types\/product"}],"wp:featuredmedia":[{"embeddable":true,"href":"https:\/\/pitoeuf.ch\/de\/wp-json\/wp\/v2\/media\/42343"}],"wp:attachment":[{"href":"https:\/\/pitoeuf.ch\/de\/wp-json\/wp\/v2\/media?parent=29359"}],"wp:term":[{"taxonomy":"product_brand","embeddable":true,"href":"https:\/\/pitoeuf.ch\/de\/wp-json\/wp\/v2\/product_brand?post=29359"},{"taxonomy":"product_cat","embeddable":true,"href":"https:\/\/pitoeuf.ch\/de\/wp-json\/wp\/v2\/product_cat?post=29359"},{"taxonomy":"product_tag","embeddable":true,"href":"https:\/\/pitoeuf.ch\/de\/wp-json\/wp\/v2\/product_tag?post=29359"}],"curies":[{"name":"wp","href":"https:\/\/api.w.org\/{rel}","templated":true}]}}