{"id":29333,"date":"2022-03-06T12:20:53","date_gmt":"2022-03-06T11:20:53","guid":{"rendered":"https:\/\/pitoeuf.ch\/?post_type=product&#038;p=29333"},"modified":"2026-04-20T16:07:04","modified_gmt":"2026-04-20T15:07:04","slug":"5-gemusegarten-tasche","status":"publish","type":"product","link":"https:\/\/pitoeuf.ch\/de\/produkt\/5-gemusegarten-tasche\/","title":{"rendered":"5-Gem\u00fcsegarten-Tasche"},"content":{"rendered":"<p>Petits pois, \u00e9pinards, poivrons rouges, courgettes grill\u00e9es, tomates s\u00e9ch\u00e9es, b\u00e9chamel, emmental, herbes de Provence<\/p>\n","protected":false},"excerpt":{"rendered":"<p>Petits pois, \u00e9pinards, poivrons rouges, courgettes grill\u00e9es, tomates s\u00e9ch\u00e9es, b\u00e9chamel, emmental, herbes de Provence<\/p>\n","protected":false},"featured_media":39413,"template":"","meta":[],"product_brand":[],"product_cat":[9133],"product_tag":[],"class_list":{"0":"post-29333","1":"product","2":"type-product","3":"status-publish","4":"has-post-thumbnail","6":"product_cat-snacks-und-aperitif_snacks","7":"pa_conditionnement-tiefgekuhlt","9":"first","10":"outofstock","11":"shipping-taxable","12":"purchasable","13":"product-type-pitoeuf","14":"add-to-wishlist-before_image"},"_links":{"self":[{"href":"https:\/\/pitoeuf.ch\/de\/wp-json\/wp\/v2\/product\/29333","targetHints":{"allow":["GET"]}}],"collection":[{"href":"https:\/\/pitoeuf.ch\/de\/wp-json\/wp\/v2\/product"}],"about":[{"href":"https:\/\/pitoeuf.ch\/de\/wp-json\/wp\/v2\/types\/product"}],"wp:featuredmedia":[{"embeddable":true,"href":"https:\/\/pitoeuf.ch\/de\/wp-json\/wp\/v2\/media\/39413"}],"wp:attachment":[{"href":"https:\/\/pitoeuf.ch\/de\/wp-json\/wp\/v2\/media?parent=29333"}],"wp:term":[{"taxonomy":"product_brand","embeddable":true,"href":"https:\/\/pitoeuf.ch\/de\/wp-json\/wp\/v2\/product_brand?post=29333"},{"taxonomy":"product_cat","embeddable":true,"href":"https:\/\/pitoeuf.ch\/de\/wp-json\/wp\/v2\/product_cat?post=29333"},{"taxonomy":"product_tag","embeddable":true,"href":"https:\/\/pitoeuf.ch\/de\/wp-json\/wp\/v2\/product_tag?post=29333"}],"curies":[{"name":"wp","href":"https:\/\/api.w.org\/{rel}","templated":true}]}}