{"id":29235,"date":"2022-03-06T12:19:14","date_gmt":"2022-03-06T11:19:14","guid":{"rendered":"https:\/\/pitoeuf.ch\/?post_type=product&#038;p=29235"},"modified":"2026-04-23T09:07:10","modified_gmt":"2026-04-23T08:07:10","slug":"eis-schwarz-sesam-25-l","status":"publish","type":"product","link":"https:\/\/pitoeuf.ch\/de\/produkt\/eis-schwarz-sesam-25-l\/","title":{"rendered":"Eis schwarz Sesam 2,5 l"},"content":{"rendered":"<p>Bio-Schwarzsesamcreme aus 50 % schwarzem Sesam und 50 % ganzem Sesam. \u00dcber Holzfeuer ger\u00f6stete und mit einer Steinm\u00fchle gemahlene Sesamsamen<\/p>\n","protected":false},"excerpt":{"rendered":"<p>Bio-Schwarzsesamcreme aus 50 % schwarzem Sesam und 50 % ganzem Sesam. \u00dcber Holzfeuer ger\u00f6stete und mit einer Steinm\u00fchle gemahlene Sesamsamen<\/p>\n","protected":false},"featured_media":42239,"template":"","meta":[],"product_brand":[],"product_cat":[9115],"product_tag":[],"class_list":{"0":"post-29235","1":"product","2":"type-product","3":"status-publish","4":"has-post-thumbnail","6":"product_cat-eis_eis","7":"pa_conditionnement-tiefgekuhlt","9":"first","10":"outofstock","11":"shipping-taxable","12":"purchasable","13":"product-type-pitoeuf","14":"add-to-wishlist-before_image"},"_links":{"self":[{"href":"https:\/\/pitoeuf.ch\/de\/wp-json\/wp\/v2\/product\/29235","targetHints":{"allow":["GET"]}}],"collection":[{"href":"https:\/\/pitoeuf.ch\/de\/wp-json\/wp\/v2\/product"}],"about":[{"href":"https:\/\/pitoeuf.ch\/de\/wp-json\/wp\/v2\/types\/product"}],"wp:featuredmedia":[{"embeddable":true,"href":"https:\/\/pitoeuf.ch\/de\/wp-json\/wp\/v2\/media\/42239"}],"wp:attachment":[{"href":"https:\/\/pitoeuf.ch\/de\/wp-json\/wp\/v2\/media?parent=29235"}],"wp:term":[{"taxonomy":"product_brand","embeddable":true,"href":"https:\/\/pitoeuf.ch\/de\/wp-json\/wp\/v2\/product_brand?post=29235"},{"taxonomy":"product_cat","embeddable":true,"href":"https:\/\/pitoeuf.ch\/de\/wp-json\/wp\/v2\/product_cat?post=29235"},{"taxonomy":"product_tag","embeddable":true,"href":"https:\/\/pitoeuf.ch\/de\/wp-json\/wp\/v2\/product_tag?post=29235"}],"curies":[{"name":"wp","href":"https:\/\/api.w.org\/{rel}","templated":true}]}}