{"id":29112,"date":"2022-03-06T12:17:30","date_gmt":"2022-03-06T11:17:30","guid":{"rendered":"https:\/\/pitoeuf.ch\/?post_type=product&#038;p=29112"},"modified":"2026-04-28T08:07:04","modified_gmt":"2026-04-28T07:07:04","slug":"eis-matcha-gruntee-25-l","status":"publish","type":"product","link":"https:\/\/pitoeuf.ch\/de\/produkt\/eis-matcha-gruntee-25-l\/","title":{"rendered":"Eis Matcha Gr\u00fcntee 2,5 l"},"content":{"rendered":"<p>Mit dem intensiven Geschmack des japanischen Matcha-Gr\u00fcntees, der f\u00fcr seine vielen wohltuenden Eigenschaften bekannt ist.<\/p>\n","protected":false},"excerpt":{"rendered":"<p>Mit dem intensiven Geschmack des japanischen Matcha-Gr\u00fcntees, der f\u00fcr seine vielen wohltuenden Eigenschaften bekannt ist.<\/p>\n","protected":false},"featured_media":42129,"template":"","meta":[],"product_brand":[],"product_cat":[9115],"product_tag":[],"class_list":{"0":"post-29112","1":"product","2":"type-product","3":"status-publish","4":"has-post-thumbnail","6":"product_cat-eis_eis","7":"pa_conditionnement-tiefgekuhlt","9":"first","10":"outofstock","11":"shipping-taxable","12":"purchasable","13":"product-type-pitoeuf","14":"add-to-wishlist-before_image"},"_links":{"self":[{"href":"https:\/\/pitoeuf.ch\/de\/wp-json\/wp\/v2\/product\/29112","targetHints":{"allow":["GET"]}}],"collection":[{"href":"https:\/\/pitoeuf.ch\/de\/wp-json\/wp\/v2\/product"}],"about":[{"href":"https:\/\/pitoeuf.ch\/de\/wp-json\/wp\/v2\/types\/product"}],"wp:featuredmedia":[{"embeddable":true,"href":"https:\/\/pitoeuf.ch\/de\/wp-json\/wp\/v2\/media\/42129"}],"wp:attachment":[{"href":"https:\/\/pitoeuf.ch\/de\/wp-json\/wp\/v2\/media?parent=29112"}],"wp:term":[{"taxonomy":"product_brand","embeddable":true,"href":"https:\/\/pitoeuf.ch\/de\/wp-json\/wp\/v2\/product_brand?post=29112"},{"taxonomy":"product_cat","embeddable":true,"href":"https:\/\/pitoeuf.ch\/de\/wp-json\/wp\/v2\/product_cat?post=29112"},{"taxonomy":"product_tag","embeddable":true,"href":"https:\/\/pitoeuf.ch\/de\/wp-json\/wp\/v2\/product_tag?post=29112"}],"curies":[{"name":"wp","href":"https:\/\/api.w.org\/{rel}","templated":true}]}}