{"id":29013,"date":"2022-03-06T12:15:49","date_gmt":"2022-03-06T11:15:49","guid":{"rendered":"https:\/\/pitoeuf.ch\/?post_type=product&#038;p=29013"},"modified":"2026-03-26T09:07:12","modified_gmt":"2026-03-26T08:07:12","slug":"ziegenkase-rollen-soignon-2","status":"publish","type":"product","link":"https:\/\/pitoeuf.ch\/de\/produkt\/ziegenkase-rollen-soignon-2\/","title":{"rendered":"Ziegenk\u00e4se Rollen &#8222;Tour de Marze&#8220;"},"content":{"rendered":"<p>emball\u00e9 par 2 pi\u00e8ces<\/p>\n","protected":false},"excerpt":{"rendered":"<p>emball\u00e9 par 2 pi\u00e8ces<\/p>\n","protected":false},"featured_media":42037,"template":"","meta":[],"product_brand":[],"product_cat":[9229],"product_tag":[],"class_list":{"0":"post-29013","1":"product","2":"type-product","3":"status-publish","4":"has-post-thumbnail","6":"product_cat-kase_kase","7":"pa_conditionnement-frisches","9":"first","10":"outofstock","11":"shipping-taxable","12":"purchasable","13":"product-type-pitoeuf","14":"add-to-wishlist-before_image"},"_links":{"self":[{"href":"https:\/\/pitoeuf.ch\/de\/wp-json\/wp\/v2\/product\/29013","targetHints":{"allow":["GET"]}}],"collection":[{"href":"https:\/\/pitoeuf.ch\/de\/wp-json\/wp\/v2\/product"}],"about":[{"href":"https:\/\/pitoeuf.ch\/de\/wp-json\/wp\/v2\/types\/product"}],"wp:featuredmedia":[{"embeddable":true,"href":"https:\/\/pitoeuf.ch\/de\/wp-json\/wp\/v2\/media\/42037"}],"wp:attachment":[{"href":"https:\/\/pitoeuf.ch\/de\/wp-json\/wp\/v2\/media?parent=29013"}],"wp:term":[{"taxonomy":"product_brand","embeddable":true,"href":"https:\/\/pitoeuf.ch\/de\/wp-json\/wp\/v2\/product_brand?post=29013"},{"taxonomy":"product_cat","embeddable":true,"href":"https:\/\/pitoeuf.ch\/de\/wp-json\/wp\/v2\/product_cat?post=29013"},{"taxonomy":"product_tag","embeddable":true,"href":"https:\/\/pitoeuf.ch\/de\/wp-json\/wp\/v2\/product_tag?post=29013"}],"curies":[{"name":"wp","href":"https:\/\/api.w.org\/{rel}","templated":true}]}}