{"id":28849,"date":"2022-03-06T12:12:38","date_gmt":"2022-03-06T11:12:38","guid":{"rendered":"https:\/\/pitoeuf.ch\/?post_type=product&#038;p=28849"},"modified":"2025-11-18T12:07:11","modified_gmt":"2025-11-18T11:07:11","slug":"kadi-mini-fruhlingsrollen-china-mit-poulet","status":"publish","type":"product","link":"https:\/\/pitoeuf.ch\/de\/produkt\/kadi-mini-fruhlingsrollen-china-mit-poulet\/","title":{"rendered":"Kadi Mini Fr\u00fchlingsrollen China mit Poulet"},"content":{"rendered":"<p>vorfrittiert, Gem\u00fcse, Weizenmehl, Pouletfleisch, Sonnenblumen\u00f6l, Kochsalz, Judasohrenpilze, Gew\u00fcrze<\/p>\n","protected":false},"excerpt":{"rendered":"<p>vorfrittiert, Gem\u00fcse, Weizenmehl, Pouletfleisch, Sonnenblumen\u00f6l, Kochsalz, Judasohrenpilze, Gew\u00fcrze<\/p>\n","protected":false},"featured_media":41893,"template":"","meta":[],"product_brand":[],"product_cat":[9033],"product_tag":[385],"class_list":{"0":"post-28849","1":"product","2":"type-product","3":"status-publish","4":"has-post-thumbnail","6":"product_cat-snacks-und-aperitif_aperitif","7":"product_tag-suisse-de","8":"pa_conditionnement-tiefgekuhlt","10":"first","11":"outofstock","12":"shipping-taxable","13":"purchasable","14":"product-type-pitoeuf","15":"add-to-wishlist-before_image"},"_links":{"self":[{"href":"https:\/\/pitoeuf.ch\/de\/wp-json\/wp\/v2\/product\/28849","targetHints":{"allow":["GET"]}}],"collection":[{"href":"https:\/\/pitoeuf.ch\/de\/wp-json\/wp\/v2\/product"}],"about":[{"href":"https:\/\/pitoeuf.ch\/de\/wp-json\/wp\/v2\/types\/product"}],"wp:featuredmedia":[{"embeddable":true,"href":"https:\/\/pitoeuf.ch\/de\/wp-json\/wp\/v2\/media\/41893"}],"wp:attachment":[{"href":"https:\/\/pitoeuf.ch\/de\/wp-json\/wp\/v2\/media?parent=28849"}],"wp:term":[{"taxonomy":"product_brand","embeddable":true,"href":"https:\/\/pitoeuf.ch\/de\/wp-json\/wp\/v2\/product_brand?post=28849"},{"taxonomy":"product_cat","embeddable":true,"href":"https:\/\/pitoeuf.ch\/de\/wp-json\/wp\/v2\/product_cat?post=28849"},{"taxonomy":"product_tag","embeddable":true,"href":"https:\/\/pitoeuf.ch\/de\/wp-json\/wp\/v2\/product_tag?post=28849"}],"curies":[{"name":"wp","href":"https:\/\/api.w.org\/{rel}","templated":true}]}}