{"id":28632,"date":"2022-03-06T12:09:18","date_gmt":"2022-03-06T11:09:18","guid":{"rendered":"https:\/\/pitoeuf.ch\/?post_type=product&#038;p=28632"},"modified":"2026-01-23T06:10:16","modified_gmt":"2026-01-23T05:10:16","slug":"birchermuesli-mischung","status":"publish","type":"product","link":"https:\/\/pitoeuf.ch\/de\/produkt\/birchermuesli-mischung\/","title":{"rendered":"Bircherm\u00fcesli-Mischung"},"content":{"rendered":"<p>Himbeeren, Brombeeren, Heidelbeeren, Erdbeeren, rote Johannisbeeren, \u00c4pfelw\u00fcrfel<\/p>\n","protected":false},"excerpt":{"rendered":"<p>Himbeeren, Brombeeren, Heidelbeeren, Erdbeeren, rote Johannisbeeren, \u00c4pfelw\u00fcrfel<\/p>\n","protected":false},"featured_media":39335,"template":"","meta":[],"product_brand":[],"product_cat":[9161],"product_tag":[],"class_list":{"0":"post-28632","1":"product","2":"type-product","3":"status-publish","4":"has-post-thumbnail","6":"product_cat-obst_fruchte","7":"pa_conditionnement-tiefgekuhlt","9":"first","10":"outofstock","11":"shipping-taxable","12":"purchasable","13":"product-type-pitoeuf","14":"add-to-wishlist-before_image"},"_links":{"self":[{"href":"https:\/\/pitoeuf.ch\/de\/wp-json\/wp\/v2\/product\/28632","targetHints":{"allow":["GET"]}}],"collection":[{"href":"https:\/\/pitoeuf.ch\/de\/wp-json\/wp\/v2\/product"}],"about":[{"href":"https:\/\/pitoeuf.ch\/de\/wp-json\/wp\/v2\/types\/product"}],"wp:featuredmedia":[{"embeddable":true,"href":"https:\/\/pitoeuf.ch\/de\/wp-json\/wp\/v2\/media\/39335"}],"wp:attachment":[{"href":"https:\/\/pitoeuf.ch\/de\/wp-json\/wp\/v2\/media?parent=28632"}],"wp:term":[{"taxonomy":"product_brand","embeddable":true,"href":"https:\/\/pitoeuf.ch\/de\/wp-json\/wp\/v2\/product_brand?post=28632"},{"taxonomy":"product_cat","embeddable":true,"href":"https:\/\/pitoeuf.ch\/de\/wp-json\/wp\/v2\/product_cat?post=28632"},{"taxonomy":"product_tag","embeddable":true,"href":"https:\/\/pitoeuf.ch\/de\/wp-json\/wp\/v2\/product_tag?post=28632"}],"curies":[{"name":"wp","href":"https:\/\/api.w.org\/{rel}","templated":true}]}}