{"id":28624,"date":"2022-03-06T12:09:16","date_gmt":"2022-03-06T11:09:16","guid":{"rendered":"https:\/\/pitoeuf.ch\/?post_type=product&#038;p=28624"},"modified":"2025-12-19T06:10:18","modified_gmt":"2025-12-19T05:10:18","slug":"schweins-nierstuck-gefullt","status":"publish","type":"product","link":"https:\/\/pitoeuf.ch\/de\/produkt\/schweins-nierstuck-gefullt\/","title":{"rendered":"Schweins-Nierst\u00fcck, gef\u00fcllt"},"content":{"rendered":"<p>Schweinefleisch, Rindsfleisch,Zwetschgen, Petersilie,Lauch,Salz,Gew\u00fcrze (Senf, Laktose) Zwiebeln, Stabilisator (E450,E451) Weizenst\u00e4rke<\/p>\n","protected":false},"excerpt":{"rendered":"<p>Schweinefleisch, Rindsfleisch,Zwetschgen, Petersilie,Lauch,Salz,Gew\u00fcrze (Senf, Laktose) Zwiebeln, Stabilisator (E450,E451) Weizenst\u00e4rke<\/p>\n","protected":false},"featured_media":41681,"template":"","meta":[],"product_brand":[],"product_cat":[9099],"product_tag":[385],"class_list":{"0":"post-28624","1":"product","2":"type-product","3":"status-publish","4":"has-post-thumbnail","6":"product_cat-fleisch_schwein","7":"product_tag-suisse-de","8":"pa_conditionnement-tiefgekuhlt","10":"first","11":"outofstock","12":"shipping-taxable","13":"purchasable","14":"product-type-pitoeuf","15":"add-to-wishlist-before_image"},"_links":{"self":[{"href":"https:\/\/pitoeuf.ch\/de\/wp-json\/wp\/v2\/product\/28624","targetHints":{"allow":["GET"]}}],"collection":[{"href":"https:\/\/pitoeuf.ch\/de\/wp-json\/wp\/v2\/product"}],"about":[{"href":"https:\/\/pitoeuf.ch\/de\/wp-json\/wp\/v2\/types\/product"}],"wp:featuredmedia":[{"embeddable":true,"href":"https:\/\/pitoeuf.ch\/de\/wp-json\/wp\/v2\/media\/41681"}],"wp:attachment":[{"href":"https:\/\/pitoeuf.ch\/de\/wp-json\/wp\/v2\/media?parent=28624"}],"wp:term":[{"taxonomy":"product_brand","embeddable":true,"href":"https:\/\/pitoeuf.ch\/de\/wp-json\/wp\/v2\/product_brand?post=28624"},{"taxonomy":"product_cat","embeddable":true,"href":"https:\/\/pitoeuf.ch\/de\/wp-json\/wp\/v2\/product_cat?post=28624"},{"taxonomy":"product_tag","embeddable":true,"href":"https:\/\/pitoeuf.ch\/de\/wp-json\/wp\/v2\/product_tag?post=28624"}],"curies":[{"name":"wp","href":"https:\/\/api.w.org\/{rel}","templated":true}]}}