{"id":28434,"date":"2022-03-06T12:06:10","date_gmt":"2022-03-06T11:06:10","guid":{"rendered":"https:\/\/pitoeuf.ch\/?post_type=product&#038;p=28434"},"modified":"2025-11-03T08:08:04","modified_gmt":"2025-11-03T07:08:04","slug":"canape-mit-lachs","status":"publish","type":"product","link":"https:\/\/pitoeuf.ch\/de\/produkt\/canape-mit-lachs\/","title":{"rendered":"Canap\u00e9 mit Lachs"},"content":{"rendered":"<p>Spezialbrot mit Rauchlachs (aus Fischst\u00fccken zusammengef\u00fcgt), S\u00fclze, Mayonnaise,<\/p>\n","protected":false},"excerpt":{"rendered":"<p>Spezialbrot mit Rauchlachs (aus Fischst\u00fccken zusammengef\u00fcgt), S\u00fclze, Mayonnaise,<\/p>\n","protected":false},"featured_media":41509,"template":"","meta":[],"product_brand":[],"product_cat":[9033],"product_tag":[385],"class_list":{"0":"post-28434","1":"product","2":"type-product","3":"status-publish","4":"has-post-thumbnail","6":"product_cat-snacks-und-aperitif_aperitif","7":"product_tag-suisse-de","8":"pa_conditionnement-frisches","10":"first","11":"outofstock","12":"shipping-taxable","13":"purchasable","14":"product-type-pitoeuf","15":"add-to-wishlist-before_image"},"_links":{"self":[{"href":"https:\/\/pitoeuf.ch\/de\/wp-json\/wp\/v2\/product\/28434","targetHints":{"allow":["GET"]}}],"collection":[{"href":"https:\/\/pitoeuf.ch\/de\/wp-json\/wp\/v2\/product"}],"about":[{"href":"https:\/\/pitoeuf.ch\/de\/wp-json\/wp\/v2\/types\/product"}],"wp:featuredmedia":[{"embeddable":true,"href":"https:\/\/pitoeuf.ch\/de\/wp-json\/wp\/v2\/media\/41509"}],"wp:attachment":[{"href":"https:\/\/pitoeuf.ch\/de\/wp-json\/wp\/v2\/media?parent=28434"}],"wp:term":[{"taxonomy":"product_brand","embeddable":true,"href":"https:\/\/pitoeuf.ch\/de\/wp-json\/wp\/v2\/product_brand?post=28434"},{"taxonomy":"product_cat","embeddable":true,"href":"https:\/\/pitoeuf.ch\/de\/wp-json\/wp\/v2\/product_cat?post=28434"},{"taxonomy":"product_tag","embeddable":true,"href":"https:\/\/pitoeuf.ch\/de\/wp-json\/wp\/v2\/product_tag?post=28434"}],"curies":[{"name":"wp","href":"https:\/\/api.w.org\/{rel}","templated":true}]}}