{"id":28182,"date":"2022-03-06T12:01:38","date_gmt":"2022-03-06T11:01:38","guid":{"rendered":"https:\/\/pitoeuf.ch\/?post_type=product&#038;p=28182"},"modified":"2026-04-06T06:07:13","modified_gmt":"2026-04-06T05:07:13","slug":"kadi-gastro-rosti-taschen-mit-frischkase-und-krautern","status":"publish","type":"product","link":"https:\/\/pitoeuf.ch\/de\/produkt\/kadi-gastro-rosti-taschen-mit-frischkase-und-krautern\/","title":{"rendered":"R\u00f6sti Taschen mit Frischk\u00e4se und Kr\u00e4utern"},"content":{"rendered":"<p>Kartoffeln, Frischk\u00e4se, Kr\u00e4uter<\/p>\n","protected":false},"excerpt":{"rendered":"<p>Kartoffeln, Frischk\u00e4se, Kr\u00e4uter<\/p>\n","protected":false},"featured_media":41299,"template":"","meta":[],"product_brand":[],"product_cat":[9179],"product_tag":[385],"class_list":{"0":"post-28182","1":"product","2":"type-product","3":"status-publish","4":"has-post-thumbnail","6":"product_cat-kartoffeln_rosti","7":"product_tag-suisse-de","8":"pa_conditionnement-tiefgekuhlt","10":"first","11":"outofstock","12":"shipping-taxable","13":"purchasable","14":"product-type-pitoeuf","15":"add-to-wishlist-before_image"},"_links":{"self":[{"href":"https:\/\/pitoeuf.ch\/de\/wp-json\/wp\/v2\/product\/28182","targetHints":{"allow":["GET"]}}],"collection":[{"href":"https:\/\/pitoeuf.ch\/de\/wp-json\/wp\/v2\/product"}],"about":[{"href":"https:\/\/pitoeuf.ch\/de\/wp-json\/wp\/v2\/types\/product"}],"wp:featuredmedia":[{"embeddable":true,"href":"https:\/\/pitoeuf.ch\/de\/wp-json\/wp\/v2\/media\/41299"}],"wp:attachment":[{"href":"https:\/\/pitoeuf.ch\/de\/wp-json\/wp\/v2\/media?parent=28182"}],"wp:term":[{"taxonomy":"product_brand","embeddable":true,"href":"https:\/\/pitoeuf.ch\/de\/wp-json\/wp\/v2\/product_brand?post=28182"},{"taxonomy":"product_cat","embeddable":true,"href":"https:\/\/pitoeuf.ch\/de\/wp-json\/wp\/v2\/product_cat?post=28182"},{"taxonomy":"product_tag","embeddable":true,"href":"https:\/\/pitoeuf.ch\/de\/wp-json\/wp\/v2\/product_tag?post=28182"}],"curies":[{"name":"wp","href":"https:\/\/api.w.org\/{rel}","templated":true}]}}