{"id":27914,"date":"2022-03-06T11:58:07","date_gmt":"2022-03-06T10:58:07","guid":{"rendered":"https:\/\/pitoeuf.ch\/?post_type=product&#038;p=27914"},"modified":"2026-04-20T09:07:18","modified_gmt":"2026-04-20T08:07:18","slug":"speckwurfel-gerauchert","status":"publish","type":"product","link":"https:\/\/pitoeuf.ch\/de\/produkt\/speckwurfel-gerauchert\/","title":{"rendered":"Speckw\u00fcrfel ger\u00e4uchert"},"content":{"rendered":"<p>Schweinflesich ger\u00e4ucherte<\/p>\n","protected":false},"excerpt":{"rendered":"<p>Schweinflesich ger\u00e4ucherte<\/p>\n","protected":false},"featured_media":41067,"template":"","meta":[],"product_brand":[],"product_cat":[9221],"product_tag":[385],"class_list":{"0":"post-27914","1":"product","2":"type-product","3":"status-publish","4":"has-post-thumbnail","6":"product_cat-fleisch_aufschnitt_gerauchtes","7":"product_tag-suisse-de","8":"pa_conditionnement-tiefgekuhlt","10":"first","11":"outofstock","12":"shipping-taxable","13":"purchasable","14":"product-type-pitoeuf","15":"add-to-wishlist-before_image"},"_links":{"self":[{"href":"https:\/\/pitoeuf.ch\/de\/wp-json\/wp\/v2\/product\/27914","targetHints":{"allow":["GET"]}}],"collection":[{"href":"https:\/\/pitoeuf.ch\/de\/wp-json\/wp\/v2\/product"}],"about":[{"href":"https:\/\/pitoeuf.ch\/de\/wp-json\/wp\/v2\/types\/product"}],"wp:featuredmedia":[{"embeddable":true,"href":"https:\/\/pitoeuf.ch\/de\/wp-json\/wp\/v2\/media\/41067"}],"wp:attachment":[{"href":"https:\/\/pitoeuf.ch\/de\/wp-json\/wp\/v2\/media?parent=27914"}],"wp:term":[{"taxonomy":"product_brand","embeddable":true,"href":"https:\/\/pitoeuf.ch\/de\/wp-json\/wp\/v2\/product_brand?post=27914"},{"taxonomy":"product_cat","embeddable":true,"href":"https:\/\/pitoeuf.ch\/de\/wp-json\/wp\/v2\/product_cat?post=27914"},{"taxonomy":"product_tag","embeddable":true,"href":"https:\/\/pitoeuf.ch\/de\/wp-json\/wp\/v2\/product_tag?post=27914"}],"curies":[{"name":"wp","href":"https:\/\/api.w.org\/{rel}","templated":true}]}}